{"id":306,"date":"2026-03-13T11:52:13","date_gmt":"2026-03-13T11:52:13","guid":{"rendered":"https:\/\/herbgarden.azdigi.shop\/?post_type=product&#038;p=306"},"modified":"2026-03-16T09:44:44","modified_gmt":"2026-03-16T09:44:44","slug":"combo-thu-gian-nho-gon-249k","status":"publish","type":"product","link":"https:\/\/herbgarden.azdigi.shop\/index.php\/san-pham\/combo-thu-gian-nho-gon-249k\/","title":{"rendered":"Combo Th\u01b0 Gi\u00e3n Nh\u1ecf G\u1ecdn (249K)"},"content":{"rendered":"<h1 data-start=\"3243\" data-end=\"3309\">COMBO: G\u1ed1i Nh\u1ecf + T\u00fai Ch\u01b0\u1eddm M\u1eaft \u2013 Combo Th\u01b0 Gi\u00e3n Nh\u1ecf G\u1ecdn (249K)<\/h1>\n<h2 data-start=\"3311\" data-end=\"3356\">Combo g\u1ed1i ch\u01b0\u1eddm th\u1ea3o m\u1ed9c cho d\u00e2n v\u0103n ph\u00f2ng<\/h2>\n<p data-start=\"3358\" data-end=\"3481\">Combo 3 l\u00e0 l\u1ef1a ch\u1ecdn ph\u00f9 h\u1ee3p cho nh\u1eefng ai th\u01b0\u1eddng xuy\u00ean <strong data-start=\"3412\" data-end=\"3480\">l\u00e0m vi\u1ec7c v\u1edbi m\u00e1y t\u00ednh, h\u1ecdc t\u1eadp ho\u1eb7c s\u1eed d\u1ee5ng \u0111i\u1ec7n tho\u1ea1i nhi\u1ec1u gi\u1edd<\/strong>.<\/p>\n<p data-start=\"3483\" data-end=\"3566\">B\u1ed9 s\u1ea3n ph\u1ea9m gi\u00fap <strong data-start=\"3500\" data-end=\"3544\">gi\u1ea3m m\u1ecfi m\u1eaft v\u00e0 th\u01b0 gi\u00e3n v\u00f9ng c\u1ed5 vai g\u00e1y<\/strong> m\u1ed9t c\u00e1ch nhanh ch\u00f3ng.<\/p>\n<h2 data-start=\"3573\" data-end=\"3587\">Combo g\u1ed3m<\/h2>\n<h3 data-start=\"3589\" data-end=\"3639\">G\u1ed1i ch\u01b0\u1eddm \u0111a n\u0103ng b\u1ea3n nh\u1ecf (10 \u00d7 20 cm \u2013 280 g)<\/h3>\n<p data-start=\"3640\" data-end=\"3698\">Gi\u00fap gi\u1ea3m c\u0103ng c\u1ee9ng <strong data-start=\"3660\" data-end=\"3676\">c\u1ed5, vai, g\u00e1y<\/strong> sau khi l\u00e0m vi\u1ec7c l\u00e2u.<\/p>\n<h3 data-start=\"3700\" data-end=\"3745\">T\u00fai ch\u01b0\u1eddm m\u1eaft c\u00f3 chun (9 \u00d7 18 cm \u2013 220 g)<\/h3>\n<p data-start=\"3746\" data-end=\"3813\">Thi\u1ebft k\u1ebf \u00f4m v\u00f9ng m\u1eaft, gi\u00fap <strong data-start=\"3773\" data-end=\"3812\">gi\u1ea3m m\u1ecfi m\u1eaft v\u00e0 h\u1ed7 tr\u1ee3 ng\u1ee7 ngon h\u01a1n<\/strong>.<\/p>\n<p data-pm-slice=\"0 0 []\">Nh\u1eafn tin cho shop \u0111\u1ec3 ch\u1ecdn m\u00e0u nha c\u00e1c t\u00ecnh y\u00eau<\/p>\n","protected":false},"excerpt":{"rendered":"<p>COMBO: G\u1ed1i Nh\u1ecf + T\u00fai Ch\u01b0\u1eddm M\u1eaft \u2013 Combo Th\u01b0 Gi\u00e3n Nh\u1ecf G\u1ecdn (249K) Combo g\u1ed1i ch\u01b0\u1eddm th\u1ea3o m\u1ed9c cho d\u00e2n v\u0103n ph\u00f2ng Combo 3 l\u00e0 l\u1ef1a ch\u1ecdn ph\u00f9 h\u1ee3p cho nh\u1eefng ai th\u01b0\u1eddng xuy\u00ean l\u00e0m vi\u1ec7c v\u1edbi m\u00e1y t\u00ednh, h\u1ecdc t\u1eadp ho\u1eb7c s\u1eed d\u1ee5ng \u0111i\u1ec7n tho\u1ea1i nhi\u1ec1u gi\u1edd. B\u1ed9 s\u1ea3n ph\u1ea9m gi\u00fap gi\u1ea3m m\u1ecfi [&#8230;]\n","protected":false},"featured_media":326,"comment_status":"open","ping_status":"closed","template":"","meta":[],"product_brand":[],"product_cat":[17],"product_tag":[],"class_list":{"0":"post-306","1":"product","2":"type-product","3":"status-publish","4":"has-post-thumbnail","6":"product_cat-chua-phan-loai","8":"first","9":"instock","10":"shipping-taxable","11":"product-type-variable"},"yoast_head":"<!-- This site is optimized with the Yoast SEO plugin v26.9 - https:\/\/yoast.com\/product\/yoast-seo-wordpress\/ -->\n<title>Combo Th\u01b0 Gi\u00e3n Nh\u1ecf G\u1ecdn (249K) - HerbGarden<\/title>\n<meta name=\"description\" content=\"Combo HerbGarden g\u1ed3m g\u1ed1i ch\u01b0\u1eddm nh\u1ecf v\u00e0 t\u00fai ch\u01b0\u1eddm m\u1eaft gi\u00fap gi\u1ea3m m\u1ecfi m\u1eaft, th\u01b0 gi\u00e3n c\u1ed5 vai g\u00e1y.\" \/>\n<meta name=\"robots\" content=\"index, follow, max-snippet:-1, max-image-preview:large, max-video-preview:-1\" \/>\n<link rel=\"canonical\" href=\"https:\/\/herbgarden.azdigi.shop\/index.php\/san-pham\/combo-thu-gian-nho-gon-249k\/\" \/>\n<meta property=\"og:locale\" content=\"vi_VN\" \/>\n<meta property=\"og:type\" content=\"article\" \/>\n<meta property=\"og:title\" content=\"Combo Th\u01b0 Gi\u00e3n Nh\u1ecf G\u1ecdn (249K) - HerbGarden\" \/>\n<meta property=\"og:description\" content=\"Combo HerbGarden g\u1ed3m g\u1ed1i ch\u01b0\u1eddm nh\u1ecf v\u00e0 t\u00fai ch\u01b0\u1eddm m\u1eaft gi\u00fap gi\u1ea3m m\u1ecfi m\u1eaft, th\u01b0 gi\u00e3n c\u1ed5 vai g\u00e1y.\" \/>\n<meta property=\"og:url\" content=\"https:\/\/herbgarden.azdigi.shop\/index.php\/san-pham\/combo-thu-gian-nho-gon-249k\/\" \/>\n<meta property=\"og:site_name\" content=\"HerbGarden\" \/>\n<meta property=\"article:publisher\" content=\"https:\/\/www.facebook.com\/share\/1HQRtY19gd\/?mibextid=wwXIfr\" \/>\n<meta property=\"article:modified_time\" content=\"2026-03-16T09:44:44+00:00\" \/>\n<meta property=\"og:image\" content=\"https:\/\/herbgarden.azdigi.shop\/wp-content\/uploads\/2026\/03\/Anh-man-hinh-2026-03-16-luc-16.09.26.png\" \/>\n\t<meta property=\"og:image:width\" content=\"878\" \/>\n\t<meta property=\"og:image:height\" content=\"1082\" \/>\n\t<meta property=\"og:image:type\" content=\"image\/png\" \/>\n<meta name=\"twitter:card\" content=\"summary_large_image\" \/>\n<meta name=\"twitter:label1\" content=\"\u01af\u1edbc t\u00ednh th\u1eddi gian \u0111\u1ecdc\" \/>\n\t<meta name=\"twitter:data1\" content=\"1 ph\u00fat\" \/>\n<script type=\"application\/ld+json\" class=\"yoast-schema-graph\">{\"@context\":\"https:\/\/schema.org\",\"@graph\":[{\"@type\":\"WebPage\",\"@id\":\"https:\/\/herbgarden.azdigi.shop\/index.php\/san-pham\/combo-thu-gian-nho-gon-249k\/\",\"url\":\"https:\/\/herbgarden.azdigi.shop\/index.php\/san-pham\/combo-thu-gian-nho-gon-249k\/\",\"name\":\"Combo Th\u01b0 Gi\u00e3n Nh\u1ecf G\u1ecdn (249K) - HerbGarden\",\"isPartOf\":{\"@id\":\"https:\/\/herbgarden.azdigi.shop\/#website\"},\"primaryImageOfPage\":{\"@id\":\"https:\/\/herbgarden.azdigi.shop\/index.php\/san-pham\/combo-thu-gian-nho-gon-249k\/#primaryimage\"},\"image\":{\"@id\":\"https:\/\/herbgarden.azdigi.shop\/index.php\/san-pham\/combo-thu-gian-nho-gon-249k\/#primaryimage\"},\"thumbnailUrl\":\"https:\/\/herbgarden.azdigi.shop\/wp-content\/uploads\/2026\/03\/Anh-man-hinh-2026-03-16-luc-16.09.26.png\",\"datePublished\":\"2026-03-13T11:52:13+00:00\",\"dateModified\":\"2026-03-16T09:44:44+00:00\",\"description\":\"Combo HerbGarden g\u1ed3m g\u1ed1i ch\u01b0\u1eddm nh\u1ecf v\u00e0 t\u00fai ch\u01b0\u1eddm m\u1eaft gi\u00fap gi\u1ea3m m\u1ecfi m\u1eaft, th\u01b0 gi\u00e3n c\u1ed5 vai g\u00e1y.\",\"breadcrumb\":{\"@id\":\"https:\/\/herbgarden.azdigi.shop\/index.php\/san-pham\/combo-thu-gian-nho-gon-249k\/#breadcrumb\"},\"inLanguage\":\"vi\",\"potentialAction\":[{\"@type\":\"ReadAction\",\"target\":[\"https:\/\/herbgarden.azdigi.shop\/index.php\/san-pham\/combo-thu-gian-nho-gon-249k\/\"]}]},{\"@type\":\"ImageObject\",\"inLanguage\":\"vi\",\"@id\":\"https:\/\/herbgarden.azdigi.shop\/index.php\/san-pham\/combo-thu-gian-nho-gon-249k\/#primaryimage\",\"url\":\"https:\/\/herbgarden.azdigi.shop\/wp-content\/uploads\/2026\/03\/Anh-man-hinh-2026-03-16-luc-16.09.26.png\",\"contentUrl\":\"https:\/\/herbgarden.azdigi.shop\/wp-content\/uploads\/2026\/03\/Anh-man-hinh-2026-03-16-luc-16.09.26.png\",\"width\":878,\"height\":1082},{\"@type\":\"BreadcrumbList\",\"@id\":\"https:\/\/herbgarden.azdigi.shop\/index.php\/san-pham\/combo-thu-gian-nho-gon-249k\/#breadcrumb\",\"itemListElement\":[{\"@type\":\"ListItem\",\"position\":1,\"name\":\"Trang ch\u1ee7\",\"item\":\"https:\/\/herbgarden.azdigi.shop\/\"},{\"@type\":\"ListItem\",\"position\":2,\"name\":\"C\u1eeda h\u00e0ng\",\"item\":\"https:\/\/herbgarden.azdigi.shop\/index.php\/cua-hang\/\"},{\"@type\":\"ListItem\",\"position\":3,\"name\":\"Combo Th\u01b0 Gi\u00e3n Nh\u1ecf G\u1ecdn (249K)\"}]},{\"@type\":\"WebSite\",\"@id\":\"https:\/\/herbgarden.azdigi.shop\/#website\",\"url\":\"https:\/\/herbgarden.azdigi.shop\/\",\"name\":\"HerbGarden\",\"description\":\"\",\"publisher\":{\"@id\":\"https:\/\/herbgarden.azdigi.shop\/#organization\"},\"potentialAction\":[{\"@type\":\"SearchAction\",\"target\":{\"@type\":\"EntryPoint\",\"urlTemplate\":\"https:\/\/herbgarden.azdigi.shop\/?s={search_term_string}\"},\"query-input\":{\"@type\":\"PropertyValueSpecification\",\"valueRequired\":true,\"valueName\":\"search_term_string\"}}],\"inLanguage\":\"vi\"},{\"@type\":\"Organization\",\"@id\":\"https:\/\/herbgarden.azdigi.shop\/#organization\",\"name\":\"HerbGarden\",\"url\":\"https:\/\/herbgarden.azdigi.shop\/\",\"logo\":{\"@type\":\"ImageObject\",\"inLanguage\":\"vi\",\"@id\":\"https:\/\/herbgarden.azdigi.shop\/#\/schema\/logo\/image\/\",\"url\":\"https:\/\/herbgarden.azdigi.shop\/wp-content\/uploads\/2026\/02\/z7501921769884_df2bce45bfd3c2999baaeb5438424b6d.jpg\",\"contentUrl\":\"https:\/\/herbgarden.azdigi.shop\/wp-content\/uploads\/2026\/02\/z7501921769884_df2bce45bfd3c2999baaeb5438424b6d.jpg\",\"width\":1024,\"height\":1024,\"caption\":\"HerbGarden\"},\"image\":{\"@id\":\"https:\/\/herbgarden.azdigi.shop\/#\/schema\/logo\/image\/\"},\"sameAs\":[\"https:\/\/www.facebook.com\/share\/1HQRtY19gd\/?mibextid=wwXIfr\"]}]}<\/script>\n<!-- \/ Yoast SEO plugin. -->","yoast_head_json":{"title":"Combo Th\u01b0 Gi\u00e3n Nh\u1ecf G\u1ecdn (249K) - HerbGarden","description":"Combo HerbGarden g\u1ed3m g\u1ed1i ch\u01b0\u1eddm nh\u1ecf v\u00e0 t\u00fai ch\u01b0\u1eddm m\u1eaft gi\u00fap gi\u1ea3m m\u1ecfi m\u1eaft, th\u01b0 gi\u00e3n c\u1ed5 vai g\u00e1y.","robots":{"index":"index","follow":"follow","max-snippet":"max-snippet:-1","max-image-preview":"max-image-preview:large","max-video-preview":"max-video-preview:-1"},"canonical":"https:\/\/herbgarden.azdigi.shop\/index.php\/san-pham\/combo-thu-gian-nho-gon-249k\/","og_locale":"vi_VN","og_type":"article","og_title":"Combo Th\u01b0 Gi\u00e3n Nh\u1ecf G\u1ecdn (249K) - HerbGarden","og_description":"Combo HerbGarden g\u1ed3m g\u1ed1i ch\u01b0\u1eddm nh\u1ecf v\u00e0 t\u00fai ch\u01b0\u1eddm m\u1eaft gi\u00fap gi\u1ea3m m\u1ecfi m\u1eaft, th\u01b0 gi\u00e3n c\u1ed5 vai g\u00e1y.","og_url":"https:\/\/herbgarden.azdigi.shop\/index.php\/san-pham\/combo-thu-gian-nho-gon-249k\/","og_site_name":"HerbGarden","article_publisher":"https:\/\/www.facebook.com\/share\/1HQRtY19gd\/?mibextid=wwXIfr","article_modified_time":"2026-03-16T09:44:44+00:00","og_image":[{"width":878,"height":1082,"url":"https:\/\/herbgarden.azdigi.shop\/wp-content\/uploads\/2026\/03\/Anh-man-hinh-2026-03-16-luc-16.09.26.png","type":"image\/png"}],"twitter_card":"summary_large_image","twitter_misc":{"\u01af\u1edbc t\u00ednh th\u1eddi gian \u0111\u1ecdc":"1 ph\u00fat"},"schema":{"@context":"https:\/\/schema.org","@graph":[{"@type":"WebPage","@id":"https:\/\/herbgarden.azdigi.shop\/index.php\/san-pham\/combo-thu-gian-nho-gon-249k\/","url":"https:\/\/herbgarden.azdigi.shop\/index.php\/san-pham\/combo-thu-gian-nho-gon-249k\/","name":"Combo Th\u01b0 Gi\u00e3n Nh\u1ecf G\u1ecdn (249K) - HerbGarden","isPartOf":{"@id":"https:\/\/herbgarden.azdigi.shop\/#website"},"primaryImageOfPage":{"@id":"https:\/\/herbgarden.azdigi.shop\/index.php\/san-pham\/combo-thu-gian-nho-gon-249k\/#primaryimage"},"image":{"@id":"https:\/\/herbgarden.azdigi.shop\/index.php\/san-pham\/combo-thu-gian-nho-gon-249k\/#primaryimage"},"thumbnailUrl":"https:\/\/herbgarden.azdigi.shop\/wp-content\/uploads\/2026\/03\/Anh-man-hinh-2026-03-16-luc-16.09.26.png","datePublished":"2026-03-13T11:52:13+00:00","dateModified":"2026-03-16T09:44:44+00:00","description":"Combo HerbGarden g\u1ed3m g\u1ed1i ch\u01b0\u1eddm nh\u1ecf v\u00e0 t\u00fai ch\u01b0\u1eddm m\u1eaft gi\u00fap gi\u1ea3m m\u1ecfi m\u1eaft, th\u01b0 gi\u00e3n c\u1ed5 vai g\u00e1y.","breadcrumb":{"@id":"https:\/\/herbgarden.azdigi.shop\/index.php\/san-pham\/combo-thu-gian-nho-gon-249k\/#breadcrumb"},"inLanguage":"vi","potentialAction":[{"@type":"ReadAction","target":["https:\/\/herbgarden.azdigi.shop\/index.php\/san-pham\/combo-thu-gian-nho-gon-249k\/"]}]},{"@type":"ImageObject","inLanguage":"vi","@id":"https:\/\/herbgarden.azdigi.shop\/index.php\/san-pham\/combo-thu-gian-nho-gon-249k\/#primaryimage","url":"https:\/\/herbgarden.azdigi.shop\/wp-content\/uploads\/2026\/03\/Anh-man-hinh-2026-03-16-luc-16.09.26.png","contentUrl":"https:\/\/herbgarden.azdigi.shop\/wp-content\/uploads\/2026\/03\/Anh-man-hinh-2026-03-16-luc-16.09.26.png","width":878,"height":1082},{"@type":"BreadcrumbList","@id":"https:\/\/herbgarden.azdigi.shop\/index.php\/san-pham\/combo-thu-gian-nho-gon-249k\/#breadcrumb","itemListElement":[{"@type":"ListItem","position":1,"name":"Trang ch\u1ee7","item":"https:\/\/herbgarden.azdigi.shop\/"},{"@type":"ListItem","position":2,"name":"C\u1eeda h\u00e0ng","item":"https:\/\/herbgarden.azdigi.shop\/index.php\/cua-hang\/"},{"@type":"ListItem","position":3,"name":"Combo Th\u01b0 Gi\u00e3n Nh\u1ecf G\u1ecdn (249K)"}]},{"@type":"WebSite","@id":"https:\/\/herbgarden.azdigi.shop\/#website","url":"https:\/\/herbgarden.azdigi.shop\/","name":"HerbGarden","description":"","publisher":{"@id":"https:\/\/herbgarden.azdigi.shop\/#organization"},"potentialAction":[{"@type":"SearchAction","target":{"@type":"EntryPoint","urlTemplate":"https:\/\/herbgarden.azdigi.shop\/?s={search_term_string}"},"query-input":{"@type":"PropertyValueSpecification","valueRequired":true,"valueName":"search_term_string"}}],"inLanguage":"vi"},{"@type":"Organization","@id":"https:\/\/herbgarden.azdigi.shop\/#organization","name":"HerbGarden","url":"https:\/\/herbgarden.azdigi.shop\/","logo":{"@type":"ImageObject","inLanguage":"vi","@id":"https:\/\/herbgarden.azdigi.shop\/#\/schema\/logo\/image\/","url":"https:\/\/herbgarden.azdigi.shop\/wp-content\/uploads\/2026\/02\/z7501921769884_df2bce45bfd3c2999baaeb5438424b6d.jpg","contentUrl":"https:\/\/herbgarden.azdigi.shop\/wp-content\/uploads\/2026\/02\/z7501921769884_df2bce45bfd3c2999baaeb5438424b6d.jpg","width":1024,"height":1024,"caption":"HerbGarden"},"image":{"@id":"https:\/\/herbgarden.azdigi.shop\/#\/schema\/logo\/image\/"},"sameAs":["https:\/\/www.facebook.com\/share\/1HQRtY19gd\/?mibextid=wwXIfr"]}]}},"_links":{"self":[{"href":"https:\/\/herbgarden.azdigi.shop\/index.php\/wp-json\/wp\/v2\/product\/306","targetHints":{"allow":["GET"]}}],"collection":[{"href":"https:\/\/herbgarden.azdigi.shop\/index.php\/wp-json\/wp\/v2\/product"}],"about":[{"href":"https:\/\/herbgarden.azdigi.shop\/index.php\/wp-json\/wp\/v2\/types\/product"}],"replies":[{"embeddable":true,"href":"https:\/\/herbgarden.azdigi.shop\/index.php\/wp-json\/wp\/v2\/comments?post=306"}],"wp:featuredmedia":[{"embeddable":true,"href":"https:\/\/herbgarden.azdigi.shop\/index.php\/wp-json\/wp\/v2\/media\/326"}],"wp:attachment":[{"href":"https:\/\/herbgarden.azdigi.shop\/index.php\/wp-json\/wp\/v2\/media?parent=306"}],"wp:term":[{"taxonomy":"product_brand","embeddable":true,"href":"https:\/\/herbgarden.azdigi.shop\/index.php\/wp-json\/wp\/v2\/product_brand?post=306"},{"taxonomy":"product_cat","embeddable":true,"href":"https:\/\/herbgarden.azdigi.shop\/index.php\/wp-json\/wp\/v2\/product_cat?post=306"},{"taxonomy":"product_tag","embeddable":true,"href":"https:\/\/herbgarden.azdigi.shop\/index.php\/wp-json\/wp\/v2\/product_tag?post=306"}],"curies":[{"name":"wp","href":"https:\/\/api.w.org\/{rel}","templated":true}]}}