{"id":305,"date":"2026-03-13T11:49:36","date_gmt":"2026-03-13T11:49:36","guid":{"rendered":"https:\/\/herbgarden.azdigi.shop\/?post_type=product&#038;p=305"},"modified":"2026-03-16T09:49:33","modified_gmt":"2026-03-16T09:49:33","slug":"combo-thu-gian-linh-hoat-299k","status":"publish","type":"product","link":"https:\/\/herbgarden.azdigi.shop\/index.php\/san-pham\/combo-thu-gian-linh-hoat-299k\/","title":{"rendered":"Combo Th\u01b0 Gi\u00e3n Linh Ho\u1ea1t (299K)"},"content":{"rendered":"<h2 data-start=\"1938\" data-end=\"1995\">Combo g\u1ed1i ch\u01b0\u1eddm th\u1ea3o m\u1ed9c ti\u1ec7n l\u1ee3i cho nhu c\u1ea7u th\u01b0 gi\u00e3n<\/h2>\n<p data-start=\"1997\" data-end=\"2171\">Combo 2 c\u1ee7a HerbGarden \u0111\u01b0\u1ee3c thi\u1ebft k\u1ebf \u0111\u1ec3 <strong data-start=\"2037\" data-end=\"2077\">mang l\u1ea1i s\u1ef1 linh ho\u1ea1t cho ng\u01b0\u1eddi d\u00f9ng<\/strong>, gi\u00fap b\u1ea1n l\u1ef1a ch\u1ecdn gi\u1eefa <strong data-start=\"2102\" data-end=\"2145\">g\u1ed1i ch\u01b0\u1eddm c\u1ed5 vai g\u00e1y ho\u1eb7c t\u00fai ch\u01b0\u1eddm m\u1eaft<\/strong> t\u00f9y theo nhu c\u1ea7u s\u1eed d\u1ee5ng.<\/p>\n<p data-start=\"2173\" data-end=\"2185\">Ph\u00f9 h\u1ee3p cho:<\/p>\n<ul data-start=\"2187\" data-end=\"2338\">\n<li data-start=\"2187\" data-end=\"2233\">\n<p data-start=\"2189\" data-end=\"2233\">Ng\u01b0\u1eddi th\u01b0\u1eddng xuy\u00ean <strong data-start=\"2208\" data-end=\"2233\">\u0111au l\u01b0ng ho\u1eb7c c\u0103ng c\u01a1<\/strong><\/p>\n<\/li>\n<li data-start=\"2234\" data-end=\"2280\">\n<p data-start=\"2236\" data-end=\"2280\">Ng\u01b0\u1eddi mu\u1ed1n <strong data-start=\"2247\" data-end=\"2280\">th\u01b0 gi\u00e3n v\u00f9ng m\u1eaft ho\u1eb7c c\u1ed5 vai<\/strong><\/p>\n<\/li>\n<li data-start=\"2281\" data-end=\"2338\">\n<p data-start=\"2283\" data-end=\"2338\">Ng\u01b0\u1eddi t\u00ecm <strong data-start=\"2293\" data-end=\"2338\">m\u1ed9t b\u1ed9 s\u1ea3n ph\u1ea9m th\u01b0 gi\u00e3n ti\u1ec7n l\u1ee3i t\u1ea1i nh\u00e0<\/strong>Nh\u1eafn tin cho shop \u0111\u1ec3 ch\u1ecdn m\u00e0u nha c\u00e1c t\u00ecnh y\u00eau<\/p>\n<\/li>\n<\/ul>\n","protected":false},"excerpt":{"rendered":"<p>Combo g\u1ed1i ch\u01b0\u1eddm th\u1ea3o m\u1ed9c ti\u1ec7n l\u1ee3i cho nhu c\u1ea7u th\u01b0 gi\u00e3n Combo 2 c\u1ee7a HerbGarden \u0111\u01b0\u1ee3c thi\u1ebft k\u1ebf \u0111\u1ec3 mang l\u1ea1i s\u1ef1 linh ho\u1ea1t cho ng\u01b0\u1eddi d\u00f9ng, gi\u00fap b\u1ea1n l\u1ef1a ch\u1ecdn gi\u1eefa g\u1ed1i ch\u01b0\u1eddm c\u1ed5 vai g\u00e1y ho\u1eb7c t\u00fai ch\u01b0\u1eddm m\u1eaft t\u00f9y theo nhu c\u1ea7u s\u1eed d\u1ee5ng. Ph\u00f9 h\u1ee3p cho: Ng\u01b0\u1eddi th\u01b0\u1eddng xuy\u00ean \u0111au [&#8230;]\n","protected":false},"featured_media":333,"comment_status":"open","ping_status":"closed","template":"","meta":[],"product_brand":[],"product_cat":[17],"product_tag":[],"class_list":{"0":"post-305","1":"product","2":"type-product","3":"status-publish","4":"has-post-thumbnail","6":"product_cat-chua-phan-loai","8":"first","9":"instock","10":"shipping-taxable","11":"product-type-variable"},"yoast_head":"<!-- This site is optimized with the Yoast SEO plugin v26.9 - https:\/\/yoast.com\/product\/yoast-seo-wordpress\/ -->\n<title>Combo Th\u01b0 Gi\u00e3n Linh Ho\u1ea1t (299K) - HerbGarden<\/title>\n<meta name=\"description\" content=\"Combo HerbGarden g\u1ed3m g\u1ed1i ch\u01b0\u1eddm l\u1edbn v\u00e0 g\u1ed1i ch\u01b0\u1eddm nh\u1ecf ho\u1eb7c t\u00fai ch\u01b0\u1eddm m\u1eaft gi\u00fap th\u01b0 gi\u00e3n c\u01a1 th\u1ec3 hi\u1ec7u qu\u1ea3.\" \/>\n<meta name=\"robots\" content=\"index, follow, max-snippet:-1, max-image-preview:large, max-video-preview:-1\" \/>\n<link rel=\"canonical\" href=\"https:\/\/herbgarden.azdigi.shop\/index.php\/san-pham\/combo-thu-gian-linh-hoat-299k\/\" \/>\n<meta property=\"og:locale\" content=\"vi_VN\" \/>\n<meta property=\"og:type\" content=\"article\" \/>\n<meta property=\"og:title\" content=\"Combo Th\u01b0 Gi\u00e3n Linh Ho\u1ea1t (299K) - HerbGarden\" \/>\n<meta property=\"og:description\" content=\"Combo HerbGarden g\u1ed3m g\u1ed1i ch\u01b0\u1eddm l\u1edbn v\u00e0 g\u1ed1i ch\u01b0\u1eddm nh\u1ecf ho\u1eb7c t\u00fai ch\u01b0\u1eddm m\u1eaft gi\u00fap th\u01b0 gi\u00e3n c\u01a1 th\u1ec3 hi\u1ec7u qu\u1ea3.\" \/>\n<meta property=\"og:url\" content=\"https:\/\/herbgarden.azdigi.shop\/index.php\/san-pham\/combo-thu-gian-linh-hoat-299k\/\" \/>\n<meta property=\"og:site_name\" content=\"HerbGarden\" \/>\n<meta property=\"article:publisher\" content=\"https:\/\/www.facebook.com\/share\/1HQRtY19gd\/?mibextid=wwXIfr\" \/>\n<meta property=\"article:modified_time\" content=\"2026-03-16T09:49:33+00:00\" \/>\n<meta property=\"og:image\" content=\"https:\/\/herbgarden.azdigi.shop\/wp-content\/uploads\/2026\/03\/Anh-man-hinh-2026-03-16-luc-16.46.00.png\" \/>\n\t<meta property=\"og:image:width\" content=\"876\" \/>\n\t<meta property=\"og:image:height\" content=\"1086\" \/>\n\t<meta property=\"og:image:type\" content=\"image\/png\" \/>\n<meta name=\"twitter:card\" content=\"summary_large_image\" \/>\n<meta name=\"twitter:label1\" content=\"\u01af\u1edbc t\u00ednh th\u1eddi gian \u0111\u1ecdc\" \/>\n\t<meta name=\"twitter:data1\" content=\"1 ph\u00fat\" \/>\n<script type=\"application\/ld+json\" class=\"yoast-schema-graph\">{\"@context\":\"https:\/\/schema.org\",\"@graph\":[{\"@type\":\"WebPage\",\"@id\":\"https:\/\/herbgarden.azdigi.shop\/index.php\/san-pham\/combo-thu-gian-linh-hoat-299k\/\",\"url\":\"https:\/\/herbgarden.azdigi.shop\/index.php\/san-pham\/combo-thu-gian-linh-hoat-299k\/\",\"name\":\"Combo Th\u01b0 Gi\u00e3n Linh Ho\u1ea1t (299K) - HerbGarden\",\"isPartOf\":{\"@id\":\"https:\/\/herbgarden.azdigi.shop\/#website\"},\"primaryImageOfPage\":{\"@id\":\"https:\/\/herbgarden.azdigi.shop\/index.php\/san-pham\/combo-thu-gian-linh-hoat-299k\/#primaryimage\"},\"image\":{\"@id\":\"https:\/\/herbgarden.azdigi.shop\/index.php\/san-pham\/combo-thu-gian-linh-hoat-299k\/#primaryimage\"},\"thumbnailUrl\":\"https:\/\/herbgarden.azdigi.shop\/wp-content\/uploads\/2026\/03\/Anh-man-hinh-2026-03-16-luc-16.46.00.png\",\"datePublished\":\"2026-03-13T11:49:36+00:00\",\"dateModified\":\"2026-03-16T09:49:33+00:00\",\"description\":\"Combo HerbGarden g\u1ed3m g\u1ed1i ch\u01b0\u1eddm l\u1edbn v\u00e0 g\u1ed1i ch\u01b0\u1eddm nh\u1ecf ho\u1eb7c t\u00fai ch\u01b0\u1eddm m\u1eaft gi\u00fap th\u01b0 gi\u00e3n c\u01a1 th\u1ec3 hi\u1ec7u qu\u1ea3.\",\"breadcrumb\":{\"@id\":\"https:\/\/herbgarden.azdigi.shop\/index.php\/san-pham\/combo-thu-gian-linh-hoat-299k\/#breadcrumb\"},\"inLanguage\":\"vi\",\"potentialAction\":[{\"@type\":\"ReadAction\",\"target\":[\"https:\/\/herbgarden.azdigi.shop\/index.php\/san-pham\/combo-thu-gian-linh-hoat-299k\/\"]}]},{\"@type\":\"ImageObject\",\"inLanguage\":\"vi\",\"@id\":\"https:\/\/herbgarden.azdigi.shop\/index.php\/san-pham\/combo-thu-gian-linh-hoat-299k\/#primaryimage\",\"url\":\"https:\/\/herbgarden.azdigi.shop\/wp-content\/uploads\/2026\/03\/Anh-man-hinh-2026-03-16-luc-16.46.00.png\",\"contentUrl\":\"https:\/\/herbgarden.azdigi.shop\/wp-content\/uploads\/2026\/03\/Anh-man-hinh-2026-03-16-luc-16.46.00.png\",\"width\":876,\"height\":1086},{\"@type\":\"BreadcrumbList\",\"@id\":\"https:\/\/herbgarden.azdigi.shop\/index.php\/san-pham\/combo-thu-gian-linh-hoat-299k\/#breadcrumb\",\"itemListElement\":[{\"@type\":\"ListItem\",\"position\":1,\"name\":\"Trang ch\u1ee7\",\"item\":\"https:\/\/herbgarden.azdigi.shop\/\"},{\"@type\":\"ListItem\",\"position\":2,\"name\":\"C\u1eeda h\u00e0ng\",\"item\":\"https:\/\/herbgarden.azdigi.shop\/index.php\/cua-hang\/\"},{\"@type\":\"ListItem\",\"position\":3,\"name\":\"Combo Th\u01b0 Gi\u00e3n Linh Ho\u1ea1t (299K)\"}]},{\"@type\":\"WebSite\",\"@id\":\"https:\/\/herbgarden.azdigi.shop\/#website\",\"url\":\"https:\/\/herbgarden.azdigi.shop\/\",\"name\":\"HerbGarden\",\"description\":\"\",\"publisher\":{\"@id\":\"https:\/\/herbgarden.azdigi.shop\/#organization\"},\"potentialAction\":[{\"@type\":\"SearchAction\",\"target\":{\"@type\":\"EntryPoint\",\"urlTemplate\":\"https:\/\/herbgarden.azdigi.shop\/?s={search_term_string}\"},\"query-input\":{\"@type\":\"PropertyValueSpecification\",\"valueRequired\":true,\"valueName\":\"search_term_string\"}}],\"inLanguage\":\"vi\"},{\"@type\":\"Organization\",\"@id\":\"https:\/\/herbgarden.azdigi.shop\/#organization\",\"name\":\"HerbGarden\",\"url\":\"https:\/\/herbgarden.azdigi.shop\/\",\"logo\":{\"@type\":\"ImageObject\",\"inLanguage\":\"vi\",\"@id\":\"https:\/\/herbgarden.azdigi.shop\/#\/schema\/logo\/image\/\",\"url\":\"https:\/\/herbgarden.azdigi.shop\/wp-content\/uploads\/2026\/02\/z7501921769884_df2bce45bfd3c2999baaeb5438424b6d.jpg\",\"contentUrl\":\"https:\/\/herbgarden.azdigi.shop\/wp-content\/uploads\/2026\/02\/z7501921769884_df2bce45bfd3c2999baaeb5438424b6d.jpg\",\"width\":1024,\"height\":1024,\"caption\":\"HerbGarden\"},\"image\":{\"@id\":\"https:\/\/herbgarden.azdigi.shop\/#\/schema\/logo\/image\/\"},\"sameAs\":[\"https:\/\/www.facebook.com\/share\/1HQRtY19gd\/?mibextid=wwXIfr\"]}]}<\/script>\n<!-- \/ Yoast SEO plugin. -->","yoast_head_json":{"title":"Combo Th\u01b0 Gi\u00e3n Linh Ho\u1ea1t (299K) - HerbGarden","description":"Combo HerbGarden g\u1ed3m g\u1ed1i ch\u01b0\u1eddm l\u1edbn v\u00e0 g\u1ed1i ch\u01b0\u1eddm nh\u1ecf ho\u1eb7c t\u00fai ch\u01b0\u1eddm m\u1eaft gi\u00fap th\u01b0 gi\u00e3n c\u01a1 th\u1ec3 hi\u1ec7u qu\u1ea3.","robots":{"index":"index","follow":"follow","max-snippet":"max-snippet:-1","max-image-preview":"max-image-preview:large","max-video-preview":"max-video-preview:-1"},"canonical":"https:\/\/herbgarden.azdigi.shop\/index.php\/san-pham\/combo-thu-gian-linh-hoat-299k\/","og_locale":"vi_VN","og_type":"article","og_title":"Combo Th\u01b0 Gi\u00e3n Linh Ho\u1ea1t (299K) - HerbGarden","og_description":"Combo HerbGarden g\u1ed3m g\u1ed1i ch\u01b0\u1eddm l\u1edbn v\u00e0 g\u1ed1i ch\u01b0\u1eddm nh\u1ecf ho\u1eb7c t\u00fai ch\u01b0\u1eddm m\u1eaft gi\u00fap th\u01b0 gi\u00e3n c\u01a1 th\u1ec3 hi\u1ec7u qu\u1ea3.","og_url":"https:\/\/herbgarden.azdigi.shop\/index.php\/san-pham\/combo-thu-gian-linh-hoat-299k\/","og_site_name":"HerbGarden","article_publisher":"https:\/\/www.facebook.com\/share\/1HQRtY19gd\/?mibextid=wwXIfr","article_modified_time":"2026-03-16T09:49:33+00:00","og_image":[{"width":876,"height":1086,"url":"https:\/\/herbgarden.azdigi.shop\/wp-content\/uploads\/2026\/03\/Anh-man-hinh-2026-03-16-luc-16.46.00.png","type":"image\/png"}],"twitter_card":"summary_large_image","twitter_misc":{"\u01af\u1edbc t\u00ednh th\u1eddi gian \u0111\u1ecdc":"1 ph\u00fat"},"schema":{"@context":"https:\/\/schema.org","@graph":[{"@type":"WebPage","@id":"https:\/\/herbgarden.azdigi.shop\/index.php\/san-pham\/combo-thu-gian-linh-hoat-299k\/","url":"https:\/\/herbgarden.azdigi.shop\/index.php\/san-pham\/combo-thu-gian-linh-hoat-299k\/","name":"Combo Th\u01b0 Gi\u00e3n Linh Ho\u1ea1t (299K) - HerbGarden","isPartOf":{"@id":"https:\/\/herbgarden.azdigi.shop\/#website"},"primaryImageOfPage":{"@id":"https:\/\/herbgarden.azdigi.shop\/index.php\/san-pham\/combo-thu-gian-linh-hoat-299k\/#primaryimage"},"image":{"@id":"https:\/\/herbgarden.azdigi.shop\/index.php\/san-pham\/combo-thu-gian-linh-hoat-299k\/#primaryimage"},"thumbnailUrl":"https:\/\/herbgarden.azdigi.shop\/wp-content\/uploads\/2026\/03\/Anh-man-hinh-2026-03-16-luc-16.46.00.png","datePublished":"2026-03-13T11:49:36+00:00","dateModified":"2026-03-16T09:49:33+00:00","description":"Combo HerbGarden g\u1ed3m g\u1ed1i ch\u01b0\u1eddm l\u1edbn v\u00e0 g\u1ed1i ch\u01b0\u1eddm nh\u1ecf ho\u1eb7c t\u00fai ch\u01b0\u1eddm m\u1eaft gi\u00fap th\u01b0 gi\u00e3n c\u01a1 th\u1ec3 hi\u1ec7u qu\u1ea3.","breadcrumb":{"@id":"https:\/\/herbgarden.azdigi.shop\/index.php\/san-pham\/combo-thu-gian-linh-hoat-299k\/#breadcrumb"},"inLanguage":"vi","potentialAction":[{"@type":"ReadAction","target":["https:\/\/herbgarden.azdigi.shop\/index.php\/san-pham\/combo-thu-gian-linh-hoat-299k\/"]}]},{"@type":"ImageObject","inLanguage":"vi","@id":"https:\/\/herbgarden.azdigi.shop\/index.php\/san-pham\/combo-thu-gian-linh-hoat-299k\/#primaryimage","url":"https:\/\/herbgarden.azdigi.shop\/wp-content\/uploads\/2026\/03\/Anh-man-hinh-2026-03-16-luc-16.46.00.png","contentUrl":"https:\/\/herbgarden.azdigi.shop\/wp-content\/uploads\/2026\/03\/Anh-man-hinh-2026-03-16-luc-16.46.00.png","width":876,"height":1086},{"@type":"BreadcrumbList","@id":"https:\/\/herbgarden.azdigi.shop\/index.php\/san-pham\/combo-thu-gian-linh-hoat-299k\/#breadcrumb","itemListElement":[{"@type":"ListItem","position":1,"name":"Trang ch\u1ee7","item":"https:\/\/herbgarden.azdigi.shop\/"},{"@type":"ListItem","position":2,"name":"C\u1eeda h\u00e0ng","item":"https:\/\/herbgarden.azdigi.shop\/index.php\/cua-hang\/"},{"@type":"ListItem","position":3,"name":"Combo Th\u01b0 Gi\u00e3n Linh Ho\u1ea1t (299K)"}]},{"@type":"WebSite","@id":"https:\/\/herbgarden.azdigi.shop\/#website","url":"https:\/\/herbgarden.azdigi.shop\/","name":"HerbGarden","description":"","publisher":{"@id":"https:\/\/herbgarden.azdigi.shop\/#organization"},"potentialAction":[{"@type":"SearchAction","target":{"@type":"EntryPoint","urlTemplate":"https:\/\/herbgarden.azdigi.shop\/?s={search_term_string}"},"query-input":{"@type":"PropertyValueSpecification","valueRequired":true,"valueName":"search_term_string"}}],"inLanguage":"vi"},{"@type":"Organization","@id":"https:\/\/herbgarden.azdigi.shop\/#organization","name":"HerbGarden","url":"https:\/\/herbgarden.azdigi.shop\/","logo":{"@type":"ImageObject","inLanguage":"vi","@id":"https:\/\/herbgarden.azdigi.shop\/#\/schema\/logo\/image\/","url":"https:\/\/herbgarden.azdigi.shop\/wp-content\/uploads\/2026\/02\/z7501921769884_df2bce45bfd3c2999baaeb5438424b6d.jpg","contentUrl":"https:\/\/herbgarden.azdigi.shop\/wp-content\/uploads\/2026\/02\/z7501921769884_df2bce45bfd3c2999baaeb5438424b6d.jpg","width":1024,"height":1024,"caption":"HerbGarden"},"image":{"@id":"https:\/\/herbgarden.azdigi.shop\/#\/schema\/logo\/image\/"},"sameAs":["https:\/\/www.facebook.com\/share\/1HQRtY19gd\/?mibextid=wwXIfr"]}]}},"_links":{"self":[{"href":"https:\/\/herbgarden.azdigi.shop\/index.php\/wp-json\/wp\/v2\/product\/305","targetHints":{"allow":["GET"]}}],"collection":[{"href":"https:\/\/herbgarden.azdigi.shop\/index.php\/wp-json\/wp\/v2\/product"}],"about":[{"href":"https:\/\/herbgarden.azdigi.shop\/index.php\/wp-json\/wp\/v2\/types\/product"}],"replies":[{"embeddable":true,"href":"https:\/\/herbgarden.azdigi.shop\/index.php\/wp-json\/wp\/v2\/comments?post=305"}],"wp:featuredmedia":[{"embeddable":true,"href":"https:\/\/herbgarden.azdigi.shop\/index.php\/wp-json\/wp\/v2\/media\/333"}],"wp:attachment":[{"href":"https:\/\/herbgarden.azdigi.shop\/index.php\/wp-json\/wp\/v2\/media?parent=305"}],"wp:term":[{"taxonomy":"product_brand","embeddable":true,"href":"https:\/\/herbgarden.azdigi.shop\/index.php\/wp-json\/wp\/v2\/product_brand?post=305"},{"taxonomy":"product_cat","embeddable":true,"href":"https:\/\/herbgarden.azdigi.shop\/index.php\/wp-json\/wp\/v2\/product_cat?post=305"},{"taxonomy":"product_tag","embeddable":true,"href":"https:\/\/herbgarden.azdigi.shop\/index.php\/wp-json\/wp\/v2\/product_tag?post=305"}],"curies":[{"name":"wp","href":"https:\/\/api.w.org\/{rel}","templated":true}]}}