{"id":304,"date":"2026-03-13T11:47:53","date_gmt":"2026-03-13T11:47:53","guid":{"rendered":"https:\/\/herbgarden.azdigi.shop\/?post_type=product&#038;p=304"},"modified":"2026-03-16T09:37:53","modified_gmt":"2026-03-16T09:37:53","slug":"combo-thu-gian-toan-dien-399k","status":"publish","type":"product","link":"https:\/\/herbgarden.azdigi.shop\/index.php\/san-pham\/combo-thu-gian-toan-dien-399k\/","title":{"rendered":"Combo Th\u01b0 Gi\u00e3n To\u00e0n Di\u1ec7n (399K)"},"content":{"rendered":"<h2 data-start=\"339\" data-end=\"401\">Combo g\u1ed1i ch\u01b0\u1eddm th\u1ea3o m\u1ed9c HerbGarden ch\u0103m s\u00f3c to\u00e0n b\u1ed9 c\u01a1 th\u1ec3<\/h2>\n<p data-start=\"403\" data-end=\"655\">N\u1ebfu b\u1ea1n \u0111ang t\u00ecm m\u1ed9t gi\u1ea3i ph\u00e1p <strong data-start=\"434\" data-end=\"478\">th\u01b0 gi\u00e3n to\u00e0n di\u1ec7n cho c\u01a1 th\u1ec3 v\u00e0 \u0111\u00f4i m\u1eaft<\/strong>, Combo 1 c\u1ee7a HerbGarden l\u00e0 l\u1ef1a ch\u1ecdn l\u00fd t\u01b0\u1edfng. B\u1ed9 s\u1ea3n ph\u1ea9m k\u1ebft h\u1ee3p <strong data-start=\"545\" data-end=\"611\">g\u1ed1i ch\u01b0\u1eddm th\u1ea3o m\u1ed9c b\u1ea3n l\u1edbn, g\u1ed1i ch\u01b0\u1eddm b\u1ea3n nh\u1ecf v\u00e0 t\u00fai ch\u01b0\u1eddm m\u1eaft<\/strong>, gi\u00fap ch\u0103m s\u00f3c nhi\u1ec1u v\u00f9ng c\u01a1 th\u1ec3 kh\u00e1c nhau.<\/p>\n<p data-start=\"657\" data-end=\"679\">Combo n\u00e0y ph\u00f9 h\u1ee3p cho:<\/p>\n<ul data-start=\"681\" data-end=\"852\">\n<li data-start=\"681\" data-end=\"739\">\n<p data-start=\"683\" data-end=\"739\">Ng\u01b0\u1eddi l\u00e0m vi\u1ec7c v\u0103n ph\u00f2ng th\u01b0\u1eddng xuy\u00ean <strong data-start=\"721\" data-end=\"739\">\u0111au c\u1ed5 vai g\u00e1y<\/strong><\/p>\n<\/li>\n<li data-start=\"740\" data-end=\"797\">\n<p data-start=\"742\" data-end=\"797\">Ng\u01b0\u1eddi <strong data-start=\"748\" data-end=\"797\">m\u1ecfi m\u1eaft do s\u1eed d\u1ee5ng \u0111i\u1ec7n tho\u1ea1i, m\u00e1y t\u00ednh nhi\u1ec1u<\/strong><\/p>\n<\/li>\n<li data-start=\"798\" data-end=\"852\">\n<p data-start=\"800\" data-end=\"852\">Ng\u01b0\u1eddi mu\u1ed1n <strong data-start=\"811\" data-end=\"852\">th\u01b0 gi\u00e3n c\u01a1 th\u1ec3 sau ng\u00e0y d\u00e0i l\u00e0m vi\u1ec7c<\/strong><\/p>\n<p data-pm-slice=\"0 0 []\">Nh\u1eafn tin cho shop \u0111\u1ec3 ch\u1ecdn m\u00e0u nha c\u00e1c t\u00ecnh y\u00eau<\/p>\n<\/li>\n<\/ul>\n","protected":false},"excerpt":{"rendered":"<p>Combo g\u1ed1i ch\u01b0\u1eddm th\u1ea3o m\u1ed9c HerbGarden ch\u0103m s\u00f3c to\u00e0n b\u1ed9 c\u01a1 th\u1ec3 N\u1ebfu b\u1ea1n \u0111ang t\u00ecm m\u1ed9t gi\u1ea3i ph\u00e1p th\u01b0 gi\u00e3n to\u00e0n di\u1ec7n cho c\u01a1 th\u1ec3 v\u00e0 \u0111\u00f4i m\u1eaft, Combo 1 c\u1ee7a HerbGarden l\u00e0 l\u1ef1a ch\u1ecdn l\u00fd t\u01b0\u1edfng. B\u1ed9 s\u1ea3n ph\u1ea9m k\u1ebft h\u1ee3p g\u1ed1i ch\u01b0\u1eddm th\u1ea3o m\u1ed9c b\u1ea3n l\u1edbn, g\u1ed1i ch\u01b0\u1eddm b\u1ea3n nh\u1ecf v\u00e0 t\u00fai [&#8230;]\n","protected":false},"featured_media":319,"comment_status":"open","ping_status":"closed","template":"","meta":[],"product_brand":[],"product_cat":[17],"product_tag":[],"class_list":{"0":"post-304","1":"product","2":"type-product","3":"status-publish","4":"has-post-thumbnail","6":"product_cat-chua-phan-loai","8":"first","9":"instock","10":"shipping-taxable","11":"product-type-variable"},"yoast_head":"<!-- This site is optimized with the Yoast SEO plugin v26.9 - https:\/\/yoast.com\/product\/yoast-seo-wordpress\/ -->\n<title>Combo Th\u01b0 Gi\u00e3n To\u00e0n Di\u1ec7n (399K) - HerbGarden<\/title>\n<meta name=\"description\" content=\"Combo HerbGarden g\u1ed3m g\u1ed1i ch\u01b0\u1eddm l\u1edbn, g\u1ed1i ch\u01b0\u1eddm nh\u1ecf v\u00e0 t\u00fai ch\u01b0\u1eddm m\u1eaft gi\u00fap th\u01b0 gi\u00e3n c\u01a1 th\u1ec3 v\u00e0 gi\u1ea3m m\u1ecfi m\u1eaft.\" \/>\n<meta name=\"robots\" content=\"index, follow, max-snippet:-1, max-image-preview:large, max-video-preview:-1\" \/>\n<link rel=\"canonical\" href=\"https:\/\/herbgarden.azdigi.shop\/index.php\/san-pham\/combo-thu-gian-toan-dien-399k\/\" \/>\n<meta property=\"og:locale\" content=\"vi_VN\" \/>\n<meta property=\"og:type\" content=\"article\" \/>\n<meta property=\"og:title\" content=\"Combo Th\u01b0 Gi\u00e3n To\u00e0n Di\u1ec7n (399K) - HerbGarden\" \/>\n<meta property=\"og:description\" content=\"Combo HerbGarden g\u1ed3m g\u1ed1i ch\u01b0\u1eddm l\u1edbn, g\u1ed1i ch\u01b0\u1eddm nh\u1ecf v\u00e0 t\u00fai ch\u01b0\u1eddm m\u1eaft gi\u00fap th\u01b0 gi\u00e3n c\u01a1 th\u1ec3 v\u00e0 gi\u1ea3m m\u1ecfi m\u1eaft.\" \/>\n<meta property=\"og:url\" content=\"https:\/\/herbgarden.azdigi.shop\/index.php\/san-pham\/combo-thu-gian-toan-dien-399k\/\" \/>\n<meta property=\"og:site_name\" content=\"HerbGarden\" \/>\n<meta property=\"article:publisher\" content=\"https:\/\/www.facebook.com\/share\/1HQRtY19gd\/?mibextid=wwXIfr\" \/>\n<meta property=\"article:modified_time\" content=\"2026-03-16T09:37:53+00:00\" \/>\n<meta property=\"og:image\" content=\"https:\/\/herbgarden.azdigi.shop\/wp-content\/uploads\/2026\/03\/Anh-man-hinh-2026-03-16-luc-16.35.19-864x1024.png\" \/>\n\t<meta property=\"og:image:width\" content=\"864\" \/>\n\t<meta property=\"og:image:height\" content=\"1024\" \/>\n\t<meta property=\"og:image:type\" content=\"image\/png\" \/>\n<meta name=\"twitter:card\" content=\"summary_large_image\" \/>\n<meta name=\"twitter:label1\" content=\"\u01af\u1edbc t\u00ednh th\u1eddi gian \u0111\u1ecdc\" \/>\n\t<meta name=\"twitter:data1\" content=\"1 ph\u00fat\" \/>\n<script type=\"application\/ld+json\" class=\"yoast-schema-graph\">{\"@context\":\"https:\/\/schema.org\",\"@graph\":[{\"@type\":\"WebPage\",\"@id\":\"https:\/\/herbgarden.azdigi.shop\/index.php\/san-pham\/combo-thu-gian-toan-dien-399k\/\",\"url\":\"https:\/\/herbgarden.azdigi.shop\/index.php\/san-pham\/combo-thu-gian-toan-dien-399k\/\",\"name\":\"Combo Th\u01b0 Gi\u00e3n To\u00e0n Di\u1ec7n (399K) - HerbGarden\",\"isPartOf\":{\"@id\":\"https:\/\/herbgarden.azdigi.shop\/#website\"},\"primaryImageOfPage\":{\"@id\":\"https:\/\/herbgarden.azdigi.shop\/index.php\/san-pham\/combo-thu-gian-toan-dien-399k\/#primaryimage\"},\"image\":{\"@id\":\"https:\/\/herbgarden.azdigi.shop\/index.php\/san-pham\/combo-thu-gian-toan-dien-399k\/#primaryimage\"},\"thumbnailUrl\":\"https:\/\/herbgarden.azdigi.shop\/wp-content\/uploads\/2026\/03\/Anh-man-hinh-2026-03-16-luc-16.35.19.png\",\"datePublished\":\"2026-03-13T11:47:53+00:00\",\"dateModified\":\"2026-03-16T09:37:53+00:00\",\"description\":\"Combo HerbGarden g\u1ed3m g\u1ed1i ch\u01b0\u1eddm l\u1edbn, g\u1ed1i ch\u01b0\u1eddm nh\u1ecf v\u00e0 t\u00fai ch\u01b0\u1eddm m\u1eaft gi\u00fap th\u01b0 gi\u00e3n c\u01a1 th\u1ec3 v\u00e0 gi\u1ea3m m\u1ecfi m\u1eaft.\",\"breadcrumb\":{\"@id\":\"https:\/\/herbgarden.azdigi.shop\/index.php\/san-pham\/combo-thu-gian-toan-dien-399k\/#breadcrumb\"},\"inLanguage\":\"vi\",\"potentialAction\":[{\"@type\":\"ReadAction\",\"target\":[\"https:\/\/herbgarden.azdigi.shop\/index.php\/san-pham\/combo-thu-gian-toan-dien-399k\/\"]}]},{\"@type\":\"ImageObject\",\"inLanguage\":\"vi\",\"@id\":\"https:\/\/herbgarden.azdigi.shop\/index.php\/san-pham\/combo-thu-gian-toan-dien-399k\/#primaryimage\",\"url\":\"https:\/\/herbgarden.azdigi.shop\/wp-content\/uploads\/2026\/03\/Anh-man-hinh-2026-03-16-luc-16.35.19.png\",\"contentUrl\":\"https:\/\/herbgarden.azdigi.shop\/wp-content\/uploads\/2026\/03\/Anh-man-hinh-2026-03-16-luc-16.35.19.png\",\"width\":1278,\"height\":1514},{\"@type\":\"BreadcrumbList\",\"@id\":\"https:\/\/herbgarden.azdigi.shop\/index.php\/san-pham\/combo-thu-gian-toan-dien-399k\/#breadcrumb\",\"itemListElement\":[{\"@type\":\"ListItem\",\"position\":1,\"name\":\"Trang ch\u1ee7\",\"item\":\"https:\/\/herbgarden.azdigi.shop\/\"},{\"@type\":\"ListItem\",\"position\":2,\"name\":\"C\u1eeda h\u00e0ng\",\"item\":\"https:\/\/herbgarden.azdigi.shop\/index.php\/cua-hang\/\"},{\"@type\":\"ListItem\",\"position\":3,\"name\":\"Combo Th\u01b0 Gi\u00e3n To\u00e0n Di\u1ec7n (399K)\"}]},{\"@type\":\"WebSite\",\"@id\":\"https:\/\/herbgarden.azdigi.shop\/#website\",\"url\":\"https:\/\/herbgarden.azdigi.shop\/\",\"name\":\"HerbGarden\",\"description\":\"\",\"publisher\":{\"@id\":\"https:\/\/herbgarden.azdigi.shop\/#organization\"},\"potentialAction\":[{\"@type\":\"SearchAction\",\"target\":{\"@type\":\"EntryPoint\",\"urlTemplate\":\"https:\/\/herbgarden.azdigi.shop\/?s={search_term_string}\"},\"query-input\":{\"@type\":\"PropertyValueSpecification\",\"valueRequired\":true,\"valueName\":\"search_term_string\"}}],\"inLanguage\":\"vi\"},{\"@type\":\"Organization\",\"@id\":\"https:\/\/herbgarden.azdigi.shop\/#organization\",\"name\":\"HerbGarden\",\"url\":\"https:\/\/herbgarden.azdigi.shop\/\",\"logo\":{\"@type\":\"ImageObject\",\"inLanguage\":\"vi\",\"@id\":\"https:\/\/herbgarden.azdigi.shop\/#\/schema\/logo\/image\/\",\"url\":\"https:\/\/herbgarden.azdigi.shop\/wp-content\/uploads\/2026\/02\/z7501921769884_df2bce45bfd3c2999baaeb5438424b6d.jpg\",\"contentUrl\":\"https:\/\/herbgarden.azdigi.shop\/wp-content\/uploads\/2026\/02\/z7501921769884_df2bce45bfd3c2999baaeb5438424b6d.jpg\",\"width\":1024,\"height\":1024,\"caption\":\"HerbGarden\"},\"image\":{\"@id\":\"https:\/\/herbgarden.azdigi.shop\/#\/schema\/logo\/image\/\"},\"sameAs\":[\"https:\/\/www.facebook.com\/share\/1HQRtY19gd\/?mibextid=wwXIfr\"]}]}<\/script>\n<!-- \/ Yoast SEO plugin. -->","yoast_head_json":{"title":"Combo Th\u01b0 Gi\u00e3n To\u00e0n Di\u1ec7n (399K) - HerbGarden","description":"Combo HerbGarden g\u1ed3m g\u1ed1i ch\u01b0\u1eddm l\u1edbn, g\u1ed1i ch\u01b0\u1eddm nh\u1ecf v\u00e0 t\u00fai ch\u01b0\u1eddm m\u1eaft gi\u00fap th\u01b0 gi\u00e3n c\u01a1 th\u1ec3 v\u00e0 gi\u1ea3m m\u1ecfi m\u1eaft.","robots":{"index":"index","follow":"follow","max-snippet":"max-snippet:-1","max-image-preview":"max-image-preview:large","max-video-preview":"max-video-preview:-1"},"canonical":"https:\/\/herbgarden.azdigi.shop\/index.php\/san-pham\/combo-thu-gian-toan-dien-399k\/","og_locale":"vi_VN","og_type":"article","og_title":"Combo Th\u01b0 Gi\u00e3n To\u00e0n Di\u1ec7n (399K) - HerbGarden","og_description":"Combo HerbGarden g\u1ed3m g\u1ed1i ch\u01b0\u1eddm l\u1edbn, g\u1ed1i ch\u01b0\u1eddm nh\u1ecf v\u00e0 t\u00fai ch\u01b0\u1eddm m\u1eaft gi\u00fap th\u01b0 gi\u00e3n c\u01a1 th\u1ec3 v\u00e0 gi\u1ea3m m\u1ecfi m\u1eaft.","og_url":"https:\/\/herbgarden.azdigi.shop\/index.php\/san-pham\/combo-thu-gian-toan-dien-399k\/","og_site_name":"HerbGarden","article_publisher":"https:\/\/www.facebook.com\/share\/1HQRtY19gd\/?mibextid=wwXIfr","article_modified_time":"2026-03-16T09:37:53+00:00","og_image":[{"width":864,"height":1024,"url":"https:\/\/herbgarden.azdigi.shop\/wp-content\/uploads\/2026\/03\/Anh-man-hinh-2026-03-16-luc-16.35.19-864x1024.png","type":"image\/png"}],"twitter_card":"summary_large_image","twitter_misc":{"\u01af\u1edbc t\u00ednh th\u1eddi gian \u0111\u1ecdc":"1 ph\u00fat"},"schema":{"@context":"https:\/\/schema.org","@graph":[{"@type":"WebPage","@id":"https:\/\/herbgarden.azdigi.shop\/index.php\/san-pham\/combo-thu-gian-toan-dien-399k\/","url":"https:\/\/herbgarden.azdigi.shop\/index.php\/san-pham\/combo-thu-gian-toan-dien-399k\/","name":"Combo Th\u01b0 Gi\u00e3n To\u00e0n Di\u1ec7n (399K) - HerbGarden","isPartOf":{"@id":"https:\/\/herbgarden.azdigi.shop\/#website"},"primaryImageOfPage":{"@id":"https:\/\/herbgarden.azdigi.shop\/index.php\/san-pham\/combo-thu-gian-toan-dien-399k\/#primaryimage"},"image":{"@id":"https:\/\/herbgarden.azdigi.shop\/index.php\/san-pham\/combo-thu-gian-toan-dien-399k\/#primaryimage"},"thumbnailUrl":"https:\/\/herbgarden.azdigi.shop\/wp-content\/uploads\/2026\/03\/Anh-man-hinh-2026-03-16-luc-16.35.19.png","datePublished":"2026-03-13T11:47:53+00:00","dateModified":"2026-03-16T09:37:53+00:00","description":"Combo HerbGarden g\u1ed3m g\u1ed1i ch\u01b0\u1eddm l\u1edbn, g\u1ed1i ch\u01b0\u1eddm nh\u1ecf v\u00e0 t\u00fai ch\u01b0\u1eddm m\u1eaft gi\u00fap th\u01b0 gi\u00e3n c\u01a1 th\u1ec3 v\u00e0 gi\u1ea3m m\u1ecfi m\u1eaft.","breadcrumb":{"@id":"https:\/\/herbgarden.azdigi.shop\/index.php\/san-pham\/combo-thu-gian-toan-dien-399k\/#breadcrumb"},"inLanguage":"vi","potentialAction":[{"@type":"ReadAction","target":["https:\/\/herbgarden.azdigi.shop\/index.php\/san-pham\/combo-thu-gian-toan-dien-399k\/"]}]},{"@type":"ImageObject","inLanguage":"vi","@id":"https:\/\/herbgarden.azdigi.shop\/index.php\/san-pham\/combo-thu-gian-toan-dien-399k\/#primaryimage","url":"https:\/\/herbgarden.azdigi.shop\/wp-content\/uploads\/2026\/03\/Anh-man-hinh-2026-03-16-luc-16.35.19.png","contentUrl":"https:\/\/herbgarden.azdigi.shop\/wp-content\/uploads\/2026\/03\/Anh-man-hinh-2026-03-16-luc-16.35.19.png","width":1278,"height":1514},{"@type":"BreadcrumbList","@id":"https:\/\/herbgarden.azdigi.shop\/index.php\/san-pham\/combo-thu-gian-toan-dien-399k\/#breadcrumb","itemListElement":[{"@type":"ListItem","position":1,"name":"Trang ch\u1ee7","item":"https:\/\/herbgarden.azdigi.shop\/"},{"@type":"ListItem","position":2,"name":"C\u1eeda h\u00e0ng","item":"https:\/\/herbgarden.azdigi.shop\/index.php\/cua-hang\/"},{"@type":"ListItem","position":3,"name":"Combo Th\u01b0 Gi\u00e3n To\u00e0n Di\u1ec7n (399K)"}]},{"@type":"WebSite","@id":"https:\/\/herbgarden.azdigi.shop\/#website","url":"https:\/\/herbgarden.azdigi.shop\/","name":"HerbGarden","description":"","publisher":{"@id":"https:\/\/herbgarden.azdigi.shop\/#organization"},"potentialAction":[{"@type":"SearchAction","target":{"@type":"EntryPoint","urlTemplate":"https:\/\/herbgarden.azdigi.shop\/?s={search_term_string}"},"query-input":{"@type":"PropertyValueSpecification","valueRequired":true,"valueName":"search_term_string"}}],"inLanguage":"vi"},{"@type":"Organization","@id":"https:\/\/herbgarden.azdigi.shop\/#organization","name":"HerbGarden","url":"https:\/\/herbgarden.azdigi.shop\/","logo":{"@type":"ImageObject","inLanguage":"vi","@id":"https:\/\/herbgarden.azdigi.shop\/#\/schema\/logo\/image\/","url":"https:\/\/herbgarden.azdigi.shop\/wp-content\/uploads\/2026\/02\/z7501921769884_df2bce45bfd3c2999baaeb5438424b6d.jpg","contentUrl":"https:\/\/herbgarden.azdigi.shop\/wp-content\/uploads\/2026\/02\/z7501921769884_df2bce45bfd3c2999baaeb5438424b6d.jpg","width":1024,"height":1024,"caption":"HerbGarden"},"image":{"@id":"https:\/\/herbgarden.azdigi.shop\/#\/schema\/logo\/image\/"},"sameAs":["https:\/\/www.facebook.com\/share\/1HQRtY19gd\/?mibextid=wwXIfr"]}]}},"_links":{"self":[{"href":"https:\/\/herbgarden.azdigi.shop\/index.php\/wp-json\/wp\/v2\/product\/304","targetHints":{"allow":["GET"]}}],"collection":[{"href":"https:\/\/herbgarden.azdigi.shop\/index.php\/wp-json\/wp\/v2\/product"}],"about":[{"href":"https:\/\/herbgarden.azdigi.shop\/index.php\/wp-json\/wp\/v2\/types\/product"}],"replies":[{"embeddable":true,"href":"https:\/\/herbgarden.azdigi.shop\/index.php\/wp-json\/wp\/v2\/comments?post=304"}],"wp:featuredmedia":[{"embeddable":true,"href":"https:\/\/herbgarden.azdigi.shop\/index.php\/wp-json\/wp\/v2\/media\/319"}],"wp:attachment":[{"href":"https:\/\/herbgarden.azdigi.shop\/index.php\/wp-json\/wp\/v2\/media?parent=304"}],"wp:term":[{"taxonomy":"product_brand","embeddable":true,"href":"https:\/\/herbgarden.azdigi.shop\/index.php\/wp-json\/wp\/v2\/product_brand?post=304"},{"taxonomy":"product_cat","embeddable":true,"href":"https:\/\/herbgarden.azdigi.shop\/index.php\/wp-json\/wp\/v2\/product_cat?post=304"},{"taxonomy":"product_tag","embeddable":true,"href":"https:\/\/herbgarden.azdigi.shop\/index.php\/wp-json\/wp\/v2\/product_tag?post=304"}],"curies":[{"name":"wp","href":"https:\/\/api.w.org\/{rel}","templated":true}]}}