{"id":287,"date":"2026-03-13T11:25:15","date_gmt":"2026-03-13T11:25:15","guid":{"rendered":"https:\/\/herbgarden.azdigi.shop\/?post_type=product&#038;p=287"},"modified":"2026-03-13T11:28:25","modified_gmt":"2026-03-13T11:28:25","slug":"goi-chuom-thao-moc-da-nang-ban-nho","status":"publish","type":"product","link":"https:\/\/herbgarden.azdigi.shop\/index.php\/san-pham\/goi-chuom-thao-moc-da-nang-ban-nho\/","title":{"rendered":"G\u1ed1i Ch\u01b0\u1eddm Th\u1ea3o M\u1ed9c \u0110a N\u0103ng B\u1ea3n Nh\u1ecf"},"content":{"rendered":"<h1 data-start=\"944\" data-end=\"991\">Thi\u1ebft K\u1ebf G\u1ecdn G\u00e0ng \u2013 D\u1ec5 D\u00e0ng Ch\u01b0\u1eddm \u0110\u00fang V\u1ecb Tr\u00ed<\/h1>\n<p data-start=\"993\" data-end=\"1097\">G\u1ed1i ch\u01b0\u1eddm b\u1ea3n nh\u1ecf \u0111\u01b0\u1ee3c thi\u1ebft k\u1ebf <strong data-start=\"1025\" data-end=\"1049\">g\u1ecdn nh\u1eb9 v\u00e0 linh ho\u1ea1t<\/strong>, gi\u00fap b\u1ea1n d\u1ec5 d\u00e0ng \u0111\u1eb7t \u0111\u00fang v\u1ecb tr\u00ed c\u1ea7n th\u01b0 gi\u00e3n.<\/p>\n<h3 data-start=\"1099\" data-end=\"1121\">Th\u00f4ng tin s\u1ea3n ph\u1ea9m<\/h3>\n<ul data-start=\"1123\" data-end=\"1354\">\n<li data-start=\"1123\" data-end=\"1190\">\n<p data-start=\"1125\" data-end=\"1190\"><strong data-start=\"1125\" data-end=\"1142\">T\u00ean s\u1ea3n ph\u1ea9m:<\/strong> G\u1ed1i ch\u01b0\u1eddm th\u1ea3o m\u1ed9c \u0111a n\u0103ng b\u1ea3n nh\u1ecf HerbGarden<\/p>\n<\/li>\n<li data-start=\"1191\" data-end=\"1221\">\n<p data-start=\"1193\" data-end=\"1221\"><strong data-start=\"1193\" data-end=\"1208\">K\u00edch th\u01b0\u1edbc:<\/strong> 10 \u00d7 20 cm<\/p>\n<\/li>\n<li data-start=\"1222\" data-end=\"1248\">\n<p data-start=\"1224\" data-end=\"1248\"><strong data-start=\"1224\" data-end=\"1240\">Tr\u1ecdng l\u01b0\u1ee3ng:<\/strong> 280 g<\/p>\n<\/li>\n<li data-start=\"1249\" data-end=\"1315\">\n<p data-start=\"1251\" data-end=\"1315\"><strong data-start=\"1251\" data-end=\"1265\">C\u00f4ng d\u1ee5ng:<\/strong> Ch\u01b0\u1eddm th\u01b0 gi\u00e3n c\u00e1c v\u00f9ng c\u01a1 nh\u1ecf nh\u01b0 c\u1ed5, vai, g\u00e1y<\/p>\n<\/li>\n<li data-start=\"1316\" data-end=\"1354\">\n<p data-start=\"1318\" data-end=\"1354\"><strong data-start=\"1318\" data-end=\"1333\">Th\u00e0nh ph\u1ea7n:<\/strong> Th\u1ea3o m\u1ed9c thi\u00ean nhi\u00ean<\/p>\n<\/li>\n<\/ul>\n<p data-start=\"1356\" data-end=\"1472\">K\u00edch th\u01b0\u1edbc nh\u1ecf g\u1ecdn gi\u00fap b\u1ea1n <strong data-start=\"1384\" data-end=\"1429\">d\u1ec5 d\u00e0ng mang theo v\u00e0 s\u1eed d\u1ee5ng \u1edf b\u1ea5t k\u1ef3 \u0111\u00e2u<\/strong> nh\u01b0 t\u1ea1i nh\u00e0, v\u0103n ph\u00f2ng ho\u1eb7c khi ngh\u1ec9 ng\u01a1i.<\/p>\n","protected":false},"excerpt":{"rendered":"<p>Thi\u1ebft K\u1ebf G\u1ecdn G\u00e0ng \u2013 D\u1ec5 D\u00e0ng Ch\u01b0\u1eddm \u0110\u00fang V\u1ecb Tr\u00ed G\u1ed1i ch\u01b0\u1eddm b\u1ea3n nh\u1ecf \u0111\u01b0\u1ee3c thi\u1ebft k\u1ebf g\u1ecdn nh\u1eb9 v\u00e0 linh ho\u1ea1t, gi\u00fap b\u1ea1n d\u1ec5 d\u00e0ng \u0111\u1eb7t \u0111\u00fang v\u1ecb tr\u00ed c\u1ea7n th\u01b0 gi\u00e3n. Th\u00f4ng tin s\u1ea3n ph\u1ea9m T\u00ean s\u1ea3n ph\u1ea9m: G\u1ed1i ch\u01b0\u1eddm th\u1ea3o m\u1ed9c \u0111a n\u0103ng b\u1ea3n nh\u1ecf HerbGarden K\u00edch th\u01b0\u1edbc: 10 \u00d7 20 [&#8230;]\n","protected":false},"featured_media":151,"comment_status":"open","ping_status":"closed","template":"","meta":[],"product_brand":[],"product_cat":[17],"product_tag":[],"class_list":{"0":"post-287","1":"product","2":"type-product","3":"status-publish","4":"has-post-thumbnail","6":"product_cat-chua-phan-loai","8":"first","9":"instock","10":"shipping-taxable","11":"purchasable","12":"product-type-variable"},"yoast_head":"<!-- This site is optimized with the Yoast SEO plugin v26.9 - https:\/\/yoast.com\/product\/yoast-seo-wordpress\/ -->\n<title>G\u1ed1i Ch\u01b0\u1eddm Th\u1ea3o M\u1ed9c \u0110a N\u0103ng B\u1ea3n Nh\u1ecf - HerbGarden<\/title>\n<meta name=\"description\" content=\"G\u1ed1i ch\u01b0\u1eddm th\u1ea3o m\u1ed9c \u0111a n\u0103ng HerbGarden gi\u00fap gi\u1ea3m c\u0103ng c\u1ee9ng c\u1ed5 vai g\u00e1y, th\u01b0 gi\u00e3n c\u01a1 th\u1ec3 v\u00e0 mang l\u1ea1i c\u1ea3m gi\u00e1c d\u1ec5 ch\u1ecbu sau ng\u00e0y d\u00e0i l\u00e0m vi\u1ec7c.\" \/>\n<meta name=\"robots\" content=\"index, follow, max-snippet:-1, max-image-preview:large, max-video-preview:-1\" \/>\n<link rel=\"canonical\" href=\"https:\/\/herbgarden.azdigi.shop\/index.php\/san-pham\/goi-chuom-thao-moc-da-nang-ban-nho\/\" \/>\n<meta property=\"og:locale\" content=\"vi_VN\" \/>\n<meta property=\"og:type\" content=\"article\" \/>\n<meta property=\"og:title\" content=\"G\u1ed1i Ch\u01b0\u1eddm Th\u1ea3o M\u1ed9c \u0110a N\u0103ng B\u1ea3n Nh\u1ecf - HerbGarden\" \/>\n<meta property=\"og:description\" content=\"G\u1ed1i ch\u01b0\u1eddm th\u1ea3o m\u1ed9c \u0111a n\u0103ng HerbGarden gi\u00fap gi\u1ea3m c\u0103ng c\u1ee9ng c\u1ed5 vai g\u00e1y, th\u01b0 gi\u00e3n c\u01a1 th\u1ec3 v\u00e0 mang l\u1ea1i c\u1ea3m gi\u00e1c d\u1ec5 ch\u1ecbu sau ng\u00e0y d\u00e0i l\u00e0m vi\u1ec7c.\" \/>\n<meta property=\"og:url\" content=\"https:\/\/herbgarden.azdigi.shop\/index.php\/san-pham\/goi-chuom-thao-moc-da-nang-ban-nho\/\" \/>\n<meta property=\"og:site_name\" content=\"HerbGarden\" \/>\n<meta property=\"article:publisher\" content=\"https:\/\/www.facebook.com\/share\/1HQRtY19gd\/?mibextid=wwXIfr\" \/>\n<meta property=\"article:modified_time\" content=\"2026-03-13T11:28:25+00:00\" \/>\n<meta property=\"og:image\" content=\"https:\/\/herbgarden.azdigi.shop\/wp-content\/uploads\/2026\/02\/622655508_122098387455236499_4924219363092203102_n.jpg\" \/>\n\t<meta property=\"og:image:width\" content=\"1120\" \/>\n\t<meta property=\"og:image:height\" content=\"630\" \/>\n\t<meta property=\"og:image:type\" content=\"image\/jpeg\" \/>\n<meta name=\"twitter:card\" content=\"summary_large_image\" \/>\n<meta name=\"twitter:label1\" content=\"\u01af\u1edbc t\u00ednh th\u1eddi gian \u0111\u1ecdc\" \/>\n\t<meta name=\"twitter:data1\" content=\"1 ph\u00fat\" \/>\n<script type=\"application\/ld+json\" class=\"yoast-schema-graph\">{\"@context\":\"https:\/\/schema.org\",\"@graph\":[{\"@type\":\"WebPage\",\"@id\":\"https:\/\/herbgarden.azdigi.shop\/index.php\/san-pham\/goi-chuom-thao-moc-da-nang-ban-nho\/\",\"url\":\"https:\/\/herbgarden.azdigi.shop\/index.php\/san-pham\/goi-chuom-thao-moc-da-nang-ban-nho\/\",\"name\":\"G\u1ed1i Ch\u01b0\u1eddm Th\u1ea3o M\u1ed9c \u0110a N\u0103ng B\u1ea3n Nh\u1ecf - HerbGarden\",\"isPartOf\":{\"@id\":\"https:\/\/herbgarden.azdigi.shop\/#website\"},\"primaryImageOfPage\":{\"@id\":\"https:\/\/herbgarden.azdigi.shop\/index.php\/san-pham\/goi-chuom-thao-moc-da-nang-ban-nho\/#primaryimage\"},\"image\":{\"@id\":\"https:\/\/herbgarden.azdigi.shop\/index.php\/san-pham\/goi-chuom-thao-moc-da-nang-ban-nho\/#primaryimage\"},\"thumbnailUrl\":\"https:\/\/herbgarden.azdigi.shop\/wp-content\/uploads\/2026\/02\/622655508_122098387455236499_4924219363092203102_n.jpg\",\"datePublished\":\"2026-03-13T11:25:15+00:00\",\"dateModified\":\"2026-03-13T11:28:25+00:00\",\"description\":\"G\u1ed1i ch\u01b0\u1eddm th\u1ea3o m\u1ed9c \u0111a n\u0103ng HerbGarden gi\u00fap gi\u1ea3m c\u0103ng c\u1ee9ng c\u1ed5 vai g\u00e1y, th\u01b0 gi\u00e3n c\u01a1 th\u1ec3 v\u00e0 mang l\u1ea1i c\u1ea3m gi\u00e1c d\u1ec5 ch\u1ecbu sau ng\u00e0y d\u00e0i l\u00e0m vi\u1ec7c.\",\"breadcrumb\":{\"@id\":\"https:\/\/herbgarden.azdigi.shop\/index.php\/san-pham\/goi-chuom-thao-moc-da-nang-ban-nho\/#breadcrumb\"},\"inLanguage\":\"vi\",\"potentialAction\":[{\"@type\":\"ReadAction\",\"target\":[\"https:\/\/herbgarden.azdigi.shop\/index.php\/san-pham\/goi-chuom-thao-moc-da-nang-ban-nho\/\"]}]},{\"@type\":\"ImageObject\",\"inLanguage\":\"vi\",\"@id\":\"https:\/\/herbgarden.azdigi.shop\/index.php\/san-pham\/goi-chuom-thao-moc-da-nang-ban-nho\/#primaryimage\",\"url\":\"https:\/\/herbgarden.azdigi.shop\/wp-content\/uploads\/2026\/02\/622655508_122098387455236499_4924219363092203102_n.jpg\",\"contentUrl\":\"https:\/\/herbgarden.azdigi.shop\/wp-content\/uploads\/2026\/02\/622655508_122098387455236499_4924219363092203102_n.jpg\",\"width\":1120,\"height\":630},{\"@type\":\"BreadcrumbList\",\"@id\":\"https:\/\/herbgarden.azdigi.shop\/index.php\/san-pham\/goi-chuom-thao-moc-da-nang-ban-nho\/#breadcrumb\",\"itemListElement\":[{\"@type\":\"ListItem\",\"position\":1,\"name\":\"Trang ch\u1ee7\",\"item\":\"https:\/\/herbgarden.azdigi.shop\/\"},{\"@type\":\"ListItem\",\"position\":2,\"name\":\"C\u1eeda h\u00e0ng\",\"item\":\"https:\/\/herbgarden.azdigi.shop\/index.php\/cua-hang\/\"},{\"@type\":\"ListItem\",\"position\":3,\"name\":\"G\u1ed1i Ch\u01b0\u1eddm Th\u1ea3o M\u1ed9c \u0110a N\u0103ng B\u1ea3n Nh\u1ecf\"}]},{\"@type\":\"WebSite\",\"@id\":\"https:\/\/herbgarden.azdigi.shop\/#website\",\"url\":\"https:\/\/herbgarden.azdigi.shop\/\",\"name\":\"HerbGarden\",\"description\":\"\",\"publisher\":{\"@id\":\"https:\/\/herbgarden.azdigi.shop\/#organization\"},\"potentialAction\":[{\"@type\":\"SearchAction\",\"target\":{\"@type\":\"EntryPoint\",\"urlTemplate\":\"https:\/\/herbgarden.azdigi.shop\/?s={search_term_string}\"},\"query-input\":{\"@type\":\"PropertyValueSpecification\",\"valueRequired\":true,\"valueName\":\"search_term_string\"}}],\"inLanguage\":\"vi\"},{\"@type\":\"Organization\",\"@id\":\"https:\/\/herbgarden.azdigi.shop\/#organization\",\"name\":\"HerbGarden\",\"url\":\"https:\/\/herbgarden.azdigi.shop\/\",\"logo\":{\"@type\":\"ImageObject\",\"inLanguage\":\"vi\",\"@id\":\"https:\/\/herbgarden.azdigi.shop\/#\/schema\/logo\/image\/\",\"url\":\"https:\/\/herbgarden.azdigi.shop\/wp-content\/uploads\/2026\/02\/z7501921769884_df2bce45bfd3c2999baaeb5438424b6d.jpg\",\"contentUrl\":\"https:\/\/herbgarden.azdigi.shop\/wp-content\/uploads\/2026\/02\/z7501921769884_df2bce45bfd3c2999baaeb5438424b6d.jpg\",\"width\":1024,\"height\":1024,\"caption\":\"HerbGarden\"},\"image\":{\"@id\":\"https:\/\/herbgarden.azdigi.shop\/#\/schema\/logo\/image\/\"},\"sameAs\":[\"https:\/\/www.facebook.com\/share\/1HQRtY19gd\/?mibextid=wwXIfr\"]}]}<\/script>\n<!-- \/ Yoast SEO plugin. -->","yoast_head_json":{"title":"G\u1ed1i Ch\u01b0\u1eddm Th\u1ea3o M\u1ed9c \u0110a N\u0103ng B\u1ea3n Nh\u1ecf - HerbGarden","description":"G\u1ed1i ch\u01b0\u1eddm th\u1ea3o m\u1ed9c \u0111a n\u0103ng HerbGarden gi\u00fap gi\u1ea3m c\u0103ng c\u1ee9ng c\u1ed5 vai g\u00e1y, th\u01b0 gi\u00e3n c\u01a1 th\u1ec3 v\u00e0 mang l\u1ea1i c\u1ea3m gi\u00e1c d\u1ec5 ch\u1ecbu sau ng\u00e0y d\u00e0i l\u00e0m vi\u1ec7c.","robots":{"index":"index","follow":"follow","max-snippet":"max-snippet:-1","max-image-preview":"max-image-preview:large","max-video-preview":"max-video-preview:-1"},"canonical":"https:\/\/herbgarden.azdigi.shop\/index.php\/san-pham\/goi-chuom-thao-moc-da-nang-ban-nho\/","og_locale":"vi_VN","og_type":"article","og_title":"G\u1ed1i Ch\u01b0\u1eddm Th\u1ea3o M\u1ed9c \u0110a N\u0103ng B\u1ea3n Nh\u1ecf - HerbGarden","og_description":"G\u1ed1i ch\u01b0\u1eddm th\u1ea3o m\u1ed9c \u0111a n\u0103ng HerbGarden gi\u00fap gi\u1ea3m c\u0103ng c\u1ee9ng c\u1ed5 vai g\u00e1y, th\u01b0 gi\u00e3n c\u01a1 th\u1ec3 v\u00e0 mang l\u1ea1i c\u1ea3m gi\u00e1c d\u1ec5 ch\u1ecbu sau ng\u00e0y d\u00e0i l\u00e0m vi\u1ec7c.","og_url":"https:\/\/herbgarden.azdigi.shop\/index.php\/san-pham\/goi-chuom-thao-moc-da-nang-ban-nho\/","og_site_name":"HerbGarden","article_publisher":"https:\/\/www.facebook.com\/share\/1HQRtY19gd\/?mibextid=wwXIfr","article_modified_time":"2026-03-13T11:28:25+00:00","og_image":[{"width":1120,"height":630,"url":"https:\/\/herbgarden.azdigi.shop\/wp-content\/uploads\/2026\/02\/622655508_122098387455236499_4924219363092203102_n.jpg","type":"image\/jpeg"}],"twitter_card":"summary_large_image","twitter_misc":{"\u01af\u1edbc t\u00ednh th\u1eddi gian \u0111\u1ecdc":"1 ph\u00fat"},"schema":{"@context":"https:\/\/schema.org","@graph":[{"@type":"WebPage","@id":"https:\/\/herbgarden.azdigi.shop\/index.php\/san-pham\/goi-chuom-thao-moc-da-nang-ban-nho\/","url":"https:\/\/herbgarden.azdigi.shop\/index.php\/san-pham\/goi-chuom-thao-moc-da-nang-ban-nho\/","name":"G\u1ed1i Ch\u01b0\u1eddm Th\u1ea3o M\u1ed9c \u0110a N\u0103ng B\u1ea3n Nh\u1ecf - HerbGarden","isPartOf":{"@id":"https:\/\/herbgarden.azdigi.shop\/#website"},"primaryImageOfPage":{"@id":"https:\/\/herbgarden.azdigi.shop\/index.php\/san-pham\/goi-chuom-thao-moc-da-nang-ban-nho\/#primaryimage"},"image":{"@id":"https:\/\/herbgarden.azdigi.shop\/index.php\/san-pham\/goi-chuom-thao-moc-da-nang-ban-nho\/#primaryimage"},"thumbnailUrl":"https:\/\/herbgarden.azdigi.shop\/wp-content\/uploads\/2026\/02\/622655508_122098387455236499_4924219363092203102_n.jpg","datePublished":"2026-03-13T11:25:15+00:00","dateModified":"2026-03-13T11:28:25+00:00","description":"G\u1ed1i ch\u01b0\u1eddm th\u1ea3o m\u1ed9c \u0111a n\u0103ng HerbGarden gi\u00fap gi\u1ea3m c\u0103ng c\u1ee9ng c\u1ed5 vai g\u00e1y, th\u01b0 gi\u00e3n c\u01a1 th\u1ec3 v\u00e0 mang l\u1ea1i c\u1ea3m gi\u00e1c d\u1ec5 ch\u1ecbu sau ng\u00e0y d\u00e0i l\u00e0m vi\u1ec7c.","breadcrumb":{"@id":"https:\/\/herbgarden.azdigi.shop\/index.php\/san-pham\/goi-chuom-thao-moc-da-nang-ban-nho\/#breadcrumb"},"inLanguage":"vi","potentialAction":[{"@type":"ReadAction","target":["https:\/\/herbgarden.azdigi.shop\/index.php\/san-pham\/goi-chuom-thao-moc-da-nang-ban-nho\/"]}]},{"@type":"ImageObject","inLanguage":"vi","@id":"https:\/\/herbgarden.azdigi.shop\/index.php\/san-pham\/goi-chuom-thao-moc-da-nang-ban-nho\/#primaryimage","url":"https:\/\/herbgarden.azdigi.shop\/wp-content\/uploads\/2026\/02\/622655508_122098387455236499_4924219363092203102_n.jpg","contentUrl":"https:\/\/herbgarden.azdigi.shop\/wp-content\/uploads\/2026\/02\/622655508_122098387455236499_4924219363092203102_n.jpg","width":1120,"height":630},{"@type":"BreadcrumbList","@id":"https:\/\/herbgarden.azdigi.shop\/index.php\/san-pham\/goi-chuom-thao-moc-da-nang-ban-nho\/#breadcrumb","itemListElement":[{"@type":"ListItem","position":1,"name":"Trang ch\u1ee7","item":"https:\/\/herbgarden.azdigi.shop\/"},{"@type":"ListItem","position":2,"name":"C\u1eeda h\u00e0ng","item":"https:\/\/herbgarden.azdigi.shop\/index.php\/cua-hang\/"},{"@type":"ListItem","position":3,"name":"G\u1ed1i Ch\u01b0\u1eddm Th\u1ea3o M\u1ed9c \u0110a N\u0103ng B\u1ea3n Nh\u1ecf"}]},{"@type":"WebSite","@id":"https:\/\/herbgarden.azdigi.shop\/#website","url":"https:\/\/herbgarden.azdigi.shop\/","name":"HerbGarden","description":"","publisher":{"@id":"https:\/\/herbgarden.azdigi.shop\/#organization"},"potentialAction":[{"@type":"SearchAction","target":{"@type":"EntryPoint","urlTemplate":"https:\/\/herbgarden.azdigi.shop\/?s={search_term_string}"},"query-input":{"@type":"PropertyValueSpecification","valueRequired":true,"valueName":"search_term_string"}}],"inLanguage":"vi"},{"@type":"Organization","@id":"https:\/\/herbgarden.azdigi.shop\/#organization","name":"HerbGarden","url":"https:\/\/herbgarden.azdigi.shop\/","logo":{"@type":"ImageObject","inLanguage":"vi","@id":"https:\/\/herbgarden.azdigi.shop\/#\/schema\/logo\/image\/","url":"https:\/\/herbgarden.azdigi.shop\/wp-content\/uploads\/2026\/02\/z7501921769884_df2bce45bfd3c2999baaeb5438424b6d.jpg","contentUrl":"https:\/\/herbgarden.azdigi.shop\/wp-content\/uploads\/2026\/02\/z7501921769884_df2bce45bfd3c2999baaeb5438424b6d.jpg","width":1024,"height":1024,"caption":"HerbGarden"},"image":{"@id":"https:\/\/herbgarden.azdigi.shop\/#\/schema\/logo\/image\/"},"sameAs":["https:\/\/www.facebook.com\/share\/1HQRtY19gd\/?mibextid=wwXIfr"]}]}},"_links":{"self":[{"href":"https:\/\/herbgarden.azdigi.shop\/index.php\/wp-json\/wp\/v2\/product\/287","targetHints":{"allow":["GET"]}}],"collection":[{"href":"https:\/\/herbgarden.azdigi.shop\/index.php\/wp-json\/wp\/v2\/product"}],"about":[{"href":"https:\/\/herbgarden.azdigi.shop\/index.php\/wp-json\/wp\/v2\/types\/product"}],"replies":[{"embeddable":true,"href":"https:\/\/herbgarden.azdigi.shop\/index.php\/wp-json\/wp\/v2\/comments?post=287"}],"wp:featuredmedia":[{"embeddable":true,"href":"https:\/\/herbgarden.azdigi.shop\/index.php\/wp-json\/wp\/v2\/media\/151"}],"wp:attachment":[{"href":"https:\/\/herbgarden.azdigi.shop\/index.php\/wp-json\/wp\/v2\/media?parent=287"}],"wp:term":[{"taxonomy":"product_brand","embeddable":true,"href":"https:\/\/herbgarden.azdigi.shop\/index.php\/wp-json\/wp\/v2\/product_brand?post=287"},{"taxonomy":"product_cat","embeddable":true,"href":"https:\/\/herbgarden.azdigi.shop\/index.php\/wp-json\/wp\/v2\/product_cat?post=287"},{"taxonomy":"product_tag","embeddable":true,"href":"https:\/\/herbgarden.azdigi.shop\/index.php\/wp-json\/wp\/v2\/product_tag?post=287"}],"curies":[{"name":"wp","href":"https:\/\/api.w.org\/{rel}","templated":true}]}}