{"id":49,"date":"2026-02-04T16:27:57","date_gmt":"2026-02-04T16:27:57","guid":{"rendered":"https:\/\/herbgarden.azdigi.shop\/?page_id=49"},"modified":"2026-03-07T07:12:46","modified_gmt":"2026-03-07T07:12:46","slug":"brand","status":"publish","type":"page","link":"https:\/\/herbgarden.azdigi.shop\/index.php\/brand\/","title":{"rendered":"Brand"},"content":{"rendered":"\t<div id=\"text-1213483979\" class=\"text\">\n\t\t\n<h2 class=\"uppercase\">C\u00c2U CHUY\u1ec6N TH\u01af\u01a0NG HI\u1ec6U <\/h2>\n\t\t\n<style>\n#text-1213483979 {\n  font-size: 1.05rem;\n  color: rgb(122, 156, 89);\n}\n#text-1213483979 > * {\n  color: rgb(122, 156, 89);\n}\n<\/style>\n\t<\/div>\n\t\n<p>HERBGARDEN &#8211; SUSTAINABLE SELF &#8211; CARE <\/p>\n<div class=\"row\"  id=\"row-1067551948\">\n\n\t<div id=\"col-37974398\" class=\"col medium-6 small-12 large-6\"  >\n\t\t\t\t<div class=\"col-inner\"  >\n\t\t\t\n\t\t\t\n\t<div class=\"img has-hover x md-x lg-x y md-y lg-y\" id=\"image_1701255512\">\n\t\t\t\t\t\t\t\t<div class=\"img-inner dark\" >\n\t\t\t<img loading=\"lazy\" decoding=\"async\" width=\"899\" height=\"899\" src=\"https:\/\/herbgarden.azdigi.shop\/wp-content\/uploads\/2026\/02\/640142451_122110377303236499_6269067864750222835_n.jpg\" class=\"attachment-large size-large\" alt=\"\" srcset=\"https:\/\/herbgarden.azdigi.shop\/wp-content\/uploads\/2026\/02\/640142451_122110377303236499_6269067864750222835_n.jpg 899w, https:\/\/herbgarden.azdigi.shop\/wp-content\/uploads\/2026\/02\/640142451_122110377303236499_6269067864750222835_n-300x300.jpg 300w, https:\/\/herbgarden.azdigi.shop\/wp-content\/uploads\/2026\/02\/640142451_122110377303236499_6269067864750222835_n-150x150.jpg 150w, https:\/\/herbgarden.azdigi.shop\/wp-content\/uploads\/2026\/02\/640142451_122110377303236499_6269067864750222835_n-768x768.jpg 768w, https:\/\/herbgarden.azdigi.shop\/wp-content\/uploads\/2026\/02\/640142451_122110377303236499_6269067864750222835_n-600x600.jpg 600w, https:\/\/herbgarden.azdigi.shop\/wp-content\/uploads\/2026\/02\/640142451_122110377303236499_6269067864750222835_n-100x100.jpg 100w\" sizes=\"auto, (max-width: 899px) 100vw, 899px\" \/>\t\t\t\t\t\t\n\t\t\t\t\t<\/div>\n\t\t\t\t\t\t\t\t\n<style>\n#image_1701255512 {\n  width: 92%;\n}\n<\/style>\n\t<\/div>\n\t\n\t\t<\/div>\n\t\t\t\t\t<\/div>\n\n\t\n\n\t<div id=\"col-1682022510\" class=\"col medium-6 small-12 large-6\"  >\n\t\t\t\t<div class=\"col-inner\"  >\n\t\t\t\n\t\t\t\n\t<div id=\"text-1584073191\" class=\"text\">\n\t\t\n<h3>V\u1ec1 HerbGarden<\/h3>\n<p data-start=\"122\" data-end=\"292\"><strong data-start=\"122\" data-end=\"136\">HerbGarden<\/strong> l\u00e0 th\u01b0\u01a1ng hi\u1ec7u <strong data-start=\"152\" data-end=\"183\">G\u1ed1i Ch\u01b0\u1eddm Th\u01b0 Gi\u00e3n th\u1ea3o m\u1ed9c<\/strong>, \u0111\u01b0\u1ee3c h\u00ecnh th\u00e0nh t\u1eeb \u00fd t\u01b0\u1edfng s\u00e1ng t\u1ea1o c\u1ee7a <strong data-start=\"225\" data-end=\"239\">nh\u00f3m Viral <\/strong>trong qu\u00e1 tr\u00ecnh h\u1ecdc t\u1eadp m\u00f4n <strong data-start=\"268\" data-end=\"289\">Marketing \u0110i\u1ec7n T\u1eed<\/strong>.<\/p>\n<p data-start=\"294\" data-end=\"416\">Ch\u00fang t\u00f4i b\u1eaft \u0111\u1ea7u t\u1eeb m\u1ed9t c\u00e2u h\u1ecfi \u0111\u01a1n gi\u1ea3n: <em data-start=\"337\" data-end=\"414\">L\u00e0m th\u1ebf n\u00e0o \u0111\u1ec3 m\u1ed7i ng\u01b0\u1eddi c\u00f3 th\u1ec3 th\u01b0 gi\u00e3n v\u00e0 ng\u1ee7 ngon h\u01a1n m\u1ed9t c\u00e1ch t\u1ef1 nhi\u00ean?<\/em><\/p>\n<p data-start=\"418\" data-end=\"661\">Qua qu\u00e1 tr\u00ecnh nghi\u00ean c\u1ee9u v\u00e0 ph\u00e1t tri\u1ec3n, HerbGarden nh\u1eadn ra r\u1eb1ng s\u1ef1 k\u1ebft h\u1ee3p gi\u1eefa li\u1ec7u ph\u00e1p ch\u01b0\u1eddm \u1ea5m\/l\u1ea1nh v\u00e0 h\u01b0\u01a1ng th\u01a1m th\u1ea3o d\u01b0\u1ee3c c\u00f3 th\u1ec3 gi\u00fap xoa d\u1ecbu c\u0103ng th\u1eb3ng, gi\u1ea3m \u00e1p l\u1ef1c tinh th\u1ea7n v\u00e0 c\u1ea3i thi\u1ec7n ch\u1ea5t l\u01b0\u1ee3ng gi\u1ea5c ng\u1ee7 m\u1ed9t c\u00e1ch an to\u00e0n, l\u00e0nh t\u00ednh.<\/p>\n<p data-start=\"663\" data-end=\"863\">HerbGarden kh\u00f4ng ch\u1ec9 l\u00e0 m\u1ed9t s\u1ea3n ph\u1ea9m, m\u00e0 l\u00e0 m\u1ed9t tr\u1ea3i nghi\u1ec7m ngh\u1ec9 ng\u01a1i tr\u1ecdn v\u1eb9n \u2014 n\u01a1i c\u01a1 th\u1ec3 \u0111\u01b0\u1ee3c th\u1ea3 l\u1ecfng, t\u00e2m tr\u00ed \u0111\u01b0\u1ee3c ch\u1eefa l\u00e0nh v\u00e0 n\u0103ng l\u01b0\u1ee3ng \u0111\u01b0\u1ee3c t\u00e1i t\u1ea1o sau nh\u1eefng gi\u1edd h\u1ecdc t\u1eadp, l\u00e0m vi\u1ec7c c\u0103ng th\u1eb3ng.<\/p>\n<p data-start=\"865\" data-end=\"1047\">Ch\u00fang t\u00f4i h\u01b0\u1edbng \u0111\u1ebfn vi\u1ec7c x\u00e2y d\u1ef1ng nh\u1eefng gi\u1ea3i ph\u00e1p ch\u0103m s\u00f3c gi\u1ea5c ng\u1ee7 mang t\u00ednh c\u00e1 nh\u00e2n h\u00f3a, s\u1eed d\u1ee5ng nguy\u00ean li\u1ec7u c\u00f3 ngu\u1ed3n g\u1ed1c thi\u00ean nhi\u00ean v\u00e0 \u0111\u1ec1 cao s\u1ef1 b\u1ec1n v\u1eefng trong t\u1eebng chi ti\u1ebft nh\u1ecf.<\/p>\n\t\t\n<style>\n#text-1584073191 {\n  font-size: 1rem;\n  text-align: left;\n  color: rgb(0,0,0);\n}\n#text-1584073191 > * {\n  color: rgb(0,0,0);\n}\n<\/style>\n\t<\/div>\n\t\n\t\t<\/div>\n\t\t\t\t\t<\/div>\n\n\t\n<\/div>\n\t<section class=\"section\" id=\"section_1920688330\">\n\t\t<div class=\"bg section-bg fill bg-fill  \" >\n\n\t\t\t\n\t\t\t\n\t\t\t\n\n\t\t<\/div>\n\n\t\t<div class=\"section-content relative\">\n\t\t\t\n<div class=\"slider-wrapper relative\" id=\"slider-1016471658\" >\n    <div class=\"slider slider-nav-circle slider-nav-large slider-nav-light slider-style-normal\"\n        data-flickity-options='{\n            \"cellAlign\": \"center\",\n            \"imagesLoaded\": true,\n            \"lazyLoad\": 1,\n            \"freeScroll\": false,\n            \"wrapAround\": true,\n            \"autoPlay\": 6000,\n            \"pauseAutoPlayOnHover\" : true,\n            \"prevNextButtons\": true,\n            \"contain\" : true,\n            \"adaptiveHeight\" : true,\n            \"dragThreshold\" : 10,\n            \"percentPosition\": true,\n            \"pageDots\": true,\n            \"rightToLeft\": false,\n            \"draggable\": true,\n            \"selectedAttraction\": 0.1,\n            \"parallax\" : 0,\n            \"friction\": 0.6        }'\n        >\n        \n\t<div class=\"img has-hover x md-x lg-x y md-y lg-y\" id=\"image_90498845\">\n\t\t\t\t\t\t\t\t<div class=\"img-inner dark\" >\n\t\t\t<img loading=\"lazy\" decoding=\"async\" width=\"1020\" height=\"574\" src=\"https:\/\/herbgarden.azdigi.shop\/wp-content\/uploads\/2026\/03\/1-1024x576.png\" class=\"attachment-large size-large\" alt=\"\" srcset=\"https:\/\/herbgarden.azdigi.shop\/wp-content\/uploads\/2026\/03\/1-1024x576.png 1024w, https:\/\/herbgarden.azdigi.shop\/wp-content\/uploads\/2026\/03\/1-300x169.png 300w, https:\/\/herbgarden.azdigi.shop\/wp-content\/uploads\/2026\/03\/1-768x432.png 768w, https:\/\/herbgarden.azdigi.shop\/wp-content\/uploads\/2026\/03\/1-1536x864.png 1536w, https:\/\/herbgarden.azdigi.shop\/wp-content\/uploads\/2026\/03\/1-600x338.png 600w, https:\/\/herbgarden.azdigi.shop\/wp-content\/uploads\/2026\/03\/1.png 1920w\" sizes=\"auto, (max-width: 1020px) 100vw, 1020px\" \/>\t\t\t\t\t\t\n\t\t\t\t\t<\/div>\n\t\t\t\t\t\t\t\t\n<style>\n#image_90498845 {\n  width: 100%;\n}\n<\/style>\n\t<\/div>\n\t\n\t<div class=\"img has-hover x md-x lg-x y md-y lg-y\" id=\"image_415204785\">\n\t\t\t\t\t\t\t\t<div class=\"img-inner dark\" >\n\t\t\t<img loading=\"lazy\" decoding=\"async\" width=\"1020\" height=\"574\" src=\"https:\/\/herbgarden.azdigi.shop\/wp-content\/uploads\/2026\/03\/klkl-1024x576.png\" class=\"attachment-large size-large\" alt=\"\" srcset=\"https:\/\/herbgarden.azdigi.shop\/wp-content\/uploads\/2026\/03\/klkl-1024x576.png 1024w, https:\/\/herbgarden.azdigi.shop\/wp-content\/uploads\/2026\/03\/klkl-300x169.png 300w, https:\/\/herbgarden.azdigi.shop\/wp-content\/uploads\/2026\/03\/klkl-768x432.png 768w, https:\/\/herbgarden.azdigi.shop\/wp-content\/uploads\/2026\/03\/klkl-1536x864.png 1536w, https:\/\/herbgarden.azdigi.shop\/wp-content\/uploads\/2026\/03\/klkl-600x338.png 600w, https:\/\/herbgarden.azdigi.shop\/wp-content\/uploads\/2026\/03\/klkl.png 1920w\" sizes=\"auto, (max-width: 1020px) 100vw, 1020px\" \/>\t\t\t\t\t\t\n\t\t\t\t\t<\/div>\n\t\t\t\t\t\t\t\t\n<style>\n#image_415204785 {\n  width: 100%;\n}\n<\/style>\n\t<\/div>\n\t\n\t<div class=\"img has-hover x md-x lg-x y md-y lg-y\" id=\"image_1817807596\">\n\t\t\t\t\t\t\t\t<div class=\"img-inner dark\" >\n\t\t\t<img loading=\"lazy\" decoding=\"async\" width=\"1020\" height=\"574\" src=\"https:\/\/herbgarden.azdigi.shop\/wp-content\/uploads\/2026\/03\/3-1024x576.png\" class=\"attachment-large size-large\" alt=\"\" srcset=\"https:\/\/herbgarden.azdigi.shop\/wp-content\/uploads\/2026\/03\/3-1024x576.png 1024w, https:\/\/herbgarden.azdigi.shop\/wp-content\/uploads\/2026\/03\/3-300x169.png 300w, https:\/\/herbgarden.azdigi.shop\/wp-content\/uploads\/2026\/03\/3-768x432.png 768w, https:\/\/herbgarden.azdigi.shop\/wp-content\/uploads\/2026\/03\/3-1536x864.png 1536w, https:\/\/herbgarden.azdigi.shop\/wp-content\/uploads\/2026\/03\/3-600x338.png 600w, https:\/\/herbgarden.azdigi.shop\/wp-content\/uploads\/2026\/03\/3.png 1920w\" sizes=\"auto, (max-width: 1020px) 100vw, 1020px\" \/>\t\t\t\t\t\t\n\t\t\t\t\t<\/div>\n\t\t\t\t\t\t\t\t\n<style>\n#image_1817807596 {\n  width: 100%;\n}\n<\/style>\n\t<\/div>\n\t\n\t<div class=\"img has-hover x md-x lg-x y md-y lg-y\" id=\"image_1374400407\">\n\t\t\t\t\t\t\t\t<div class=\"img-inner dark\" >\n\t\t\t<img loading=\"lazy\" decoding=\"async\" width=\"1020\" height=\"574\" src=\"https:\/\/herbgarden.azdigi.shop\/wp-content\/uploads\/2026\/03\/4-1024x576.png\" class=\"attachment-large size-large\" alt=\"\" srcset=\"https:\/\/herbgarden.azdigi.shop\/wp-content\/uploads\/2026\/03\/4-1024x576.png 1024w, https:\/\/herbgarden.azdigi.shop\/wp-content\/uploads\/2026\/03\/4-300x169.png 300w, https:\/\/herbgarden.azdigi.shop\/wp-content\/uploads\/2026\/03\/4-768x432.png 768w, https:\/\/herbgarden.azdigi.shop\/wp-content\/uploads\/2026\/03\/4-1536x864.png 1536w, https:\/\/herbgarden.azdigi.shop\/wp-content\/uploads\/2026\/03\/4-600x338.png 600w, https:\/\/herbgarden.azdigi.shop\/wp-content\/uploads\/2026\/03\/4.png 1920w\" sizes=\"auto, (max-width: 1020px) 100vw, 1020px\" \/>\t\t\t\t\t\t\n\t\t\t\t\t<\/div>\n\t\t\t\t\t\t\t\t\n<style>\n#image_1374400407 {\n  width: 100%;\n}\n<\/style>\n\t<\/div>\n\t\n\t<div class=\"img has-hover x md-x lg-x y md-y lg-y\" id=\"image_388702252\">\n\t\t\t\t\t\t\t\t<div class=\"img-inner dark\" >\n\t\t\t<img loading=\"lazy\" decoding=\"async\" width=\"1020\" height=\"574\" src=\"https:\/\/herbgarden.azdigi.shop\/wp-content\/uploads\/2026\/03\/5-1024x576.png\" class=\"attachment-large size-large\" alt=\"\" srcset=\"https:\/\/herbgarden.azdigi.shop\/wp-content\/uploads\/2026\/03\/5-1024x576.png 1024w, https:\/\/herbgarden.azdigi.shop\/wp-content\/uploads\/2026\/03\/5-300x169.png 300w, https:\/\/herbgarden.azdigi.shop\/wp-content\/uploads\/2026\/03\/5-768x432.png 768w, https:\/\/herbgarden.azdigi.shop\/wp-content\/uploads\/2026\/03\/5-1536x864.png 1536w, https:\/\/herbgarden.azdigi.shop\/wp-content\/uploads\/2026\/03\/5-600x338.png 600w, https:\/\/herbgarden.azdigi.shop\/wp-content\/uploads\/2026\/03\/5.png 1920w\" sizes=\"auto, (max-width: 1020px) 100vw, 1020px\" \/>\t\t\t\t\t\t\n\t\t\t\t\t<\/div>\n\t\t\t\t\t\t\t\t\n<style>\n#image_388702252 {\n  width: 100%;\n}\n<\/style>\n\t<\/div>\n\t\n\t<div class=\"img has-hover x md-x lg-x y md-y lg-y\" id=\"image_1920474965\">\n\t\t\t\t\t\t\t\t<div class=\"img-inner dark\" >\n\t\t\t<img loading=\"lazy\" decoding=\"async\" width=\"1020\" height=\"574\" src=\"https:\/\/herbgarden.azdigi.shop\/wp-content\/uploads\/2026\/03\/6-1024x576.png\" class=\"attachment-large size-large\" alt=\"\" srcset=\"https:\/\/herbgarden.azdigi.shop\/wp-content\/uploads\/2026\/03\/6-1024x576.png 1024w, https:\/\/herbgarden.azdigi.shop\/wp-content\/uploads\/2026\/03\/6-300x169.png 300w, https:\/\/herbgarden.azdigi.shop\/wp-content\/uploads\/2026\/03\/6-768x432.png 768w, https:\/\/herbgarden.azdigi.shop\/wp-content\/uploads\/2026\/03\/6-1536x864.png 1536w, https:\/\/herbgarden.azdigi.shop\/wp-content\/uploads\/2026\/03\/6-600x338.png 600w, https:\/\/herbgarden.azdigi.shop\/wp-content\/uploads\/2026\/03\/6.png 1920w\" sizes=\"auto, (max-width: 1020px) 100vw, 1020px\" \/>\t\t\t\t\t\t\n\t\t\t\t\t<\/div>\n\t\t\t\t\t\t\t\t\n<style>\n#image_1920474965 {\n  width: 100%;\n}\n<\/style>\n\t<\/div>\n\t\n\t<div class=\"img has-hover x md-x lg-x y md-y lg-y\" id=\"image_585767687\">\n\t\t\t\t\t\t\t\t<div class=\"img-inner dark\" >\n\t\t\t<img loading=\"lazy\" decoding=\"async\" width=\"1020\" height=\"574\" src=\"https:\/\/herbgarden.azdigi.shop\/wp-content\/uploads\/2026\/03\/7-1024x576.png\" class=\"attachment-large size-large\" alt=\"\" srcset=\"https:\/\/herbgarden.azdigi.shop\/wp-content\/uploads\/2026\/03\/7-1024x576.png 1024w, https:\/\/herbgarden.azdigi.shop\/wp-content\/uploads\/2026\/03\/7-300x169.png 300w, https:\/\/herbgarden.azdigi.shop\/wp-content\/uploads\/2026\/03\/7-768x432.png 768w, https:\/\/herbgarden.azdigi.shop\/wp-content\/uploads\/2026\/03\/7-1536x864.png 1536w, https:\/\/herbgarden.azdigi.shop\/wp-content\/uploads\/2026\/03\/7-600x338.png 600w, https:\/\/herbgarden.azdigi.shop\/wp-content\/uploads\/2026\/03\/7.png 1920w\" sizes=\"auto, (max-width: 1020px) 100vw, 1020px\" \/>\t\t\t\t\t\t\n\t\t\t\t\t<\/div>\n\t\t\t\t\t\t\t\t\n<style>\n#image_585767687 {\n  width: 100%;\n}\n<\/style>\n\t<\/div>\n\t\n     <\/div>\n\n     <div class=\"loading-spin dark large centered\"><\/div>\n\n     \t<\/div>\n\n\n\t\t<\/div>\n\n\t\t\n<style>\n#section_1920688330 {\n  padding-top: 60px;\n  padding-bottom: 60px;\n}\n#section_1920688330 .section-bg.bg-loaded {\n  background-image: url(https:\/\/herbgarden.azdigi.shop\/wp-content\/uploads\/2026\/03\/z7591276626978_c3cc5058ac6445b425fe7606c33f28f5.jpg);\n}\n<\/style>\n\t<\/section>\n\t\n","protected":false},"excerpt":{"rendered":"<p>HERBGARDEN &#8211; SUSTAINABLE SELF &#8211; CARE<\/p>\n","protected":false},"author":1,"featured_media":0,"parent":0,"menu_order":0,"comment_status":"closed","ping_status":"closed","template":"","meta":{"footnotes":""},"class_list":["post-49","page","type-page","status-publish","hentry"],"yoast_head":"<!-- This site is optimized with the Yoast SEO plugin v26.9 - https:\/\/yoast.com\/product\/yoast-seo-wordpress\/ -->\n<title>Brand - HerbGarden<\/title>\n<meta name=\"robots\" content=\"index, follow, max-snippet:-1, max-image-preview:large, max-video-preview:-1\" \/>\n<link rel=\"canonical\" href=\"https:\/\/herbgarden.azdigi.shop\/index.php\/brand\/\" \/>\n<meta property=\"og:locale\" content=\"vi_VN\" \/>\n<meta property=\"og:type\" content=\"article\" \/>\n<meta property=\"og:title\" content=\"Brand - HerbGarden\" \/>\n<meta property=\"og:description\" content=\"HERBGARDEN &#8211; SUSTAINABLE SELF &#8211; CARE\" \/>\n<meta property=\"og:url\" content=\"https:\/\/herbgarden.azdigi.shop\/index.php\/brand\/\" \/>\n<meta property=\"og:site_name\" content=\"HerbGarden\" \/>\n<meta property=\"article:publisher\" content=\"https:\/\/www.facebook.com\/share\/1HQRtY19gd\/?mibextid=wwXIfr\" \/>\n<meta property=\"article:modified_time\" content=\"2026-03-07T07:12:46+00:00\" \/>\n<meta name=\"twitter:card\" content=\"summary_large_image\" \/>\n<script type=\"application\/ld+json\" class=\"yoast-schema-graph\">{\"@context\":\"https:\/\/schema.org\",\"@graph\":[{\"@type\":\"WebPage\",\"@id\":\"https:\/\/herbgarden.azdigi.shop\/index.php\/brand\/\",\"url\":\"https:\/\/herbgarden.azdigi.shop\/index.php\/brand\/\",\"name\":\"Brand - HerbGarden\",\"isPartOf\":{\"@id\":\"https:\/\/herbgarden.azdigi.shop\/#website\"},\"datePublished\":\"2026-02-04T16:27:57+00:00\",\"dateModified\":\"2026-03-07T07:12:46+00:00\",\"breadcrumb\":{\"@id\":\"https:\/\/herbgarden.azdigi.shop\/index.php\/brand\/#breadcrumb\"},\"inLanguage\":\"vi\",\"potentialAction\":[{\"@type\":\"ReadAction\",\"target\":[\"https:\/\/herbgarden.azdigi.shop\/index.php\/brand\/\"]}]},{\"@type\":\"BreadcrumbList\",\"@id\":\"https:\/\/herbgarden.azdigi.shop\/index.php\/brand\/#breadcrumb\",\"itemListElement\":[{\"@type\":\"ListItem\",\"position\":1,\"name\":\"Trang ch\u1ee7\",\"item\":\"https:\/\/herbgarden.azdigi.shop\/\"},{\"@type\":\"ListItem\",\"position\":2,\"name\":\"Brand\"}]},{\"@type\":\"WebSite\",\"@id\":\"https:\/\/herbgarden.azdigi.shop\/#website\",\"url\":\"https:\/\/herbgarden.azdigi.shop\/\",\"name\":\"HerbGarden\",\"description\":\"\",\"publisher\":{\"@id\":\"https:\/\/herbgarden.azdigi.shop\/#organization\"},\"potentialAction\":[{\"@type\":\"SearchAction\",\"target\":{\"@type\":\"EntryPoint\",\"urlTemplate\":\"https:\/\/herbgarden.azdigi.shop\/?s={search_term_string}\"},\"query-input\":{\"@type\":\"PropertyValueSpecification\",\"valueRequired\":true,\"valueName\":\"search_term_string\"}}],\"inLanguage\":\"vi\"},{\"@type\":\"Organization\",\"@id\":\"https:\/\/herbgarden.azdigi.shop\/#organization\",\"name\":\"HerbGarden\",\"url\":\"https:\/\/herbgarden.azdigi.shop\/\",\"logo\":{\"@type\":\"ImageObject\",\"inLanguage\":\"vi\",\"@id\":\"https:\/\/herbgarden.azdigi.shop\/#\/schema\/logo\/image\/\",\"url\":\"https:\/\/herbgarden.azdigi.shop\/wp-content\/uploads\/2026\/02\/z7501921769884_df2bce45bfd3c2999baaeb5438424b6d.jpg\",\"contentUrl\":\"https:\/\/herbgarden.azdigi.shop\/wp-content\/uploads\/2026\/02\/z7501921769884_df2bce45bfd3c2999baaeb5438424b6d.jpg\",\"width\":1024,\"height\":1024,\"caption\":\"HerbGarden\"},\"image\":{\"@id\":\"https:\/\/herbgarden.azdigi.shop\/#\/schema\/logo\/image\/\"},\"sameAs\":[\"https:\/\/www.facebook.com\/share\/1HQRtY19gd\/?mibextid=wwXIfr\"]}]}<\/script>\n<!-- \/ Yoast SEO plugin. -->","yoast_head_json":{"title":"Brand - HerbGarden","robots":{"index":"index","follow":"follow","max-snippet":"max-snippet:-1","max-image-preview":"max-image-preview:large","max-video-preview":"max-video-preview:-1"},"canonical":"https:\/\/herbgarden.azdigi.shop\/index.php\/brand\/","og_locale":"vi_VN","og_type":"article","og_title":"Brand - HerbGarden","og_description":"HERBGARDEN &#8211; SUSTAINABLE SELF &#8211; CARE","og_url":"https:\/\/herbgarden.azdigi.shop\/index.php\/brand\/","og_site_name":"HerbGarden","article_publisher":"https:\/\/www.facebook.com\/share\/1HQRtY19gd\/?mibextid=wwXIfr","article_modified_time":"2026-03-07T07:12:46+00:00","twitter_card":"summary_large_image","schema":{"@context":"https:\/\/schema.org","@graph":[{"@type":"WebPage","@id":"https:\/\/herbgarden.azdigi.shop\/index.php\/brand\/","url":"https:\/\/herbgarden.azdigi.shop\/index.php\/brand\/","name":"Brand - HerbGarden","isPartOf":{"@id":"https:\/\/herbgarden.azdigi.shop\/#website"},"datePublished":"2026-02-04T16:27:57+00:00","dateModified":"2026-03-07T07:12:46+00:00","breadcrumb":{"@id":"https:\/\/herbgarden.azdigi.shop\/index.php\/brand\/#breadcrumb"},"inLanguage":"vi","potentialAction":[{"@type":"ReadAction","target":["https:\/\/herbgarden.azdigi.shop\/index.php\/brand\/"]}]},{"@type":"BreadcrumbList","@id":"https:\/\/herbgarden.azdigi.shop\/index.php\/brand\/#breadcrumb","itemListElement":[{"@type":"ListItem","position":1,"name":"Trang ch\u1ee7","item":"https:\/\/herbgarden.azdigi.shop\/"},{"@type":"ListItem","position":2,"name":"Brand"}]},{"@type":"WebSite","@id":"https:\/\/herbgarden.azdigi.shop\/#website","url":"https:\/\/herbgarden.azdigi.shop\/","name":"HerbGarden","description":"","publisher":{"@id":"https:\/\/herbgarden.azdigi.shop\/#organization"},"potentialAction":[{"@type":"SearchAction","target":{"@type":"EntryPoint","urlTemplate":"https:\/\/herbgarden.azdigi.shop\/?s={search_term_string}"},"query-input":{"@type":"PropertyValueSpecification","valueRequired":true,"valueName":"search_term_string"}}],"inLanguage":"vi"},{"@type":"Organization","@id":"https:\/\/herbgarden.azdigi.shop\/#organization","name":"HerbGarden","url":"https:\/\/herbgarden.azdigi.shop\/","logo":{"@type":"ImageObject","inLanguage":"vi","@id":"https:\/\/herbgarden.azdigi.shop\/#\/schema\/logo\/image\/","url":"https:\/\/herbgarden.azdigi.shop\/wp-content\/uploads\/2026\/02\/z7501921769884_df2bce45bfd3c2999baaeb5438424b6d.jpg","contentUrl":"https:\/\/herbgarden.azdigi.shop\/wp-content\/uploads\/2026\/02\/z7501921769884_df2bce45bfd3c2999baaeb5438424b6d.jpg","width":1024,"height":1024,"caption":"HerbGarden"},"image":{"@id":"https:\/\/herbgarden.azdigi.shop\/#\/schema\/logo\/image\/"},"sameAs":["https:\/\/www.facebook.com\/share\/1HQRtY19gd\/?mibextid=wwXIfr"]}]}},"_links":{"self":[{"href":"https:\/\/herbgarden.azdigi.shop\/index.php\/wp-json\/wp\/v2\/pages\/49","targetHints":{"allow":["GET"]}}],"collection":[{"href":"https:\/\/herbgarden.azdigi.shop\/index.php\/wp-json\/wp\/v2\/pages"}],"about":[{"href":"https:\/\/herbgarden.azdigi.shop\/index.php\/wp-json\/wp\/v2\/types\/page"}],"author":[{"embeddable":true,"href":"https:\/\/herbgarden.azdigi.shop\/index.php\/wp-json\/wp\/v2\/users\/1"}],"replies":[{"embeddable":true,"href":"https:\/\/herbgarden.azdigi.shop\/index.php\/wp-json\/wp\/v2\/comments?post=49"}],"version-history":[{"count":5,"href":"https:\/\/herbgarden.azdigi.shop\/index.php\/wp-json\/wp\/v2\/pages\/49\/revisions"}],"predecessor-version":[{"id":246,"href":"https:\/\/herbgarden.azdigi.shop\/index.php\/wp-json\/wp\/v2\/pages\/49\/revisions\/246"}],"wp:attachment":[{"href":"https:\/\/herbgarden.azdigi.shop\/index.php\/wp-json\/wp\/v2\/media?parent=49"}],"curies":[{"name":"wp","href":"https:\/\/api.w.org\/{rel}","templated":true}]}}