{"id":37,"date":"2026-02-04T16:12:39","date_gmt":"2026-02-04T16:12:39","guid":{"rendered":"https:\/\/herbgarden.azdigi.shop\/?page_id=37"},"modified":"2026-03-13T13:00:51","modified_gmt":"2026-03-13T13:00:51","slug":"faq","status":"publish","type":"page","link":"https:\/\/herbgarden.azdigi.shop\/index.php\/faq\/","title":{"rendered":"FAQ"},"content":{"rendered":"\t<div id=\"text-3167579473\" class=\"text\">\n\t\t\n<h2>H\u01b0\u1edbng d\u1eabn s\u1eed d\u1ee5ng g\u1ed1i ch\u01b0\u1eddm HerbGarden<\/h2>\n\t\t\n<style>\n#text-3167579473 {\n  font-size: 1.1rem;\n  text-align: left;\n  color: #814545;\n}\n#text-3167579473 > * {\n  color: #814545;\n}\n<\/style>\n\t<\/div>\n\t\n<div class=\"row\"  id=\"row-1171611277\">\n\n\t<div id=\"col-877252968\" class=\"col medium-6 small-12 large-6\"  >\n\t\t\t\t<div class=\"col-inner\"  >\n\t\t\t\n\t\t\t\n\t<div class=\"img has-hover x md-x lg-x y md-y lg-y\" id=\"image_698149713\">\n\t\t\t\t\t\t\t\t<div class=\"img-inner dark\" >\n\t\t\t<img loading=\"lazy\" decoding=\"async\" width=\"683\" height=\"1024\" src=\"https:\/\/herbgarden.azdigi.shop\/wp-content\/uploads\/2026\/03\/z7616979897830_d3ae3b34b957f5eb39731de2a6f5f03e-683x1024.jpg\" class=\"attachment-large size-large\" alt=\"\" srcset=\"https:\/\/herbgarden.azdigi.shop\/wp-content\/uploads\/2026\/03\/z7616979897830_d3ae3b34b957f5eb39731de2a6f5f03e-683x1024.jpg 683w, https:\/\/herbgarden.azdigi.shop\/wp-content\/uploads\/2026\/03\/z7616979897830_d3ae3b34b957f5eb39731de2a6f5f03e-200x300.jpg 200w, https:\/\/herbgarden.azdigi.shop\/wp-content\/uploads\/2026\/03\/z7616979897830_d3ae3b34b957f5eb39731de2a6f5f03e-768x1152.jpg 768w, https:\/\/herbgarden.azdigi.shop\/wp-content\/uploads\/2026\/03\/z7616979897830_d3ae3b34b957f5eb39731de2a6f5f03e-600x900.jpg 600w, https:\/\/herbgarden.azdigi.shop\/wp-content\/uploads\/2026\/03\/z7616979897830_d3ae3b34b957f5eb39731de2a6f5f03e.jpg 1024w\" sizes=\"auto, (max-width: 683px) 100vw, 683px\" \/>\t\t\t\t\t\t\n\t\t\t\t\t<\/div>\n\t\t\t\t\t\t\t\t\n<style>\n#image_698149713 {\n  width: 96%;\n}\n<\/style>\n\t<\/div>\n\t\n\t<div id=\"text-1356901193\" class=\"text\">\n\t\t\n<h3>Ch\u01b0\u1eddm \u1ea5m \u2013 Th\u01b0 gi\u00e3n c\u01a1 th\u1ec3, xoa d\u1ecbu c\u0103ng th\u1eb3ng<\/h3>\n<p>Ch\u1ec9 c\u1ea7n l\u00e0m \u1ea5m g\u1ed1i ch\u01b0\u1eddm b\u1eb1ng l\u00f2 vi s\u00f3ng ho\u1eb7c l\u00f2 n\u01b0\u1edbng trong v\u00e0i ph\u00fat. H\u01a1i \u1ea5m t\u1eeb th\u1ea3o m\u1ed9c gi\u00fap th\u01b0 gi\u00e3n c\u01a1 b\u1eafp, gi\u1ea3m c\u0103ng c\u1ee9ng v\u00f9ng c\u1ed5, vai, g\u00e1y v\u00e0 mang l\u1ea1i c\u1ea3m gi\u00e1c d\u1ec5 ch\u1ecbu sau m\u1ed9t ng\u00e0y d\u00e0i.<\/p>\n\t\t\n<style>\n#text-1356901193 {\n  font-size: 0.75rem;\n  line-height: 2.25;\n  color: rgb(0,0,0);\n}\n#text-1356901193 > * {\n  color: rgb(0,0,0);\n}\n<\/style>\n\t<\/div>\n\t\n\t\t<\/div>\n\t\t\t\t\t<\/div>\n\n\t\n\n\t<div id=\"col-1209291026\" class=\"col medium-6 small-12 large-6\"  >\n\t\t\t\t<div class=\"col-inner\"  >\n\t\t\t\n\t\t\t\n\t<div class=\"img has-hover x md-x lg-x y md-y lg-y\" id=\"image_1794504502\">\n\t\t\t\t\t\t\t\t<div class=\"img-inner dark\" >\n\t\t\t<img loading=\"lazy\" decoding=\"async\" width=\"683\" height=\"1024\" src=\"https:\/\/herbgarden.azdigi.shop\/wp-content\/uploads\/2026\/03\/z7616979954045_882f0175864fdd3853ad14d1a3a5a94a-683x1024.jpg\" class=\"attachment-large size-large\" alt=\"\" srcset=\"https:\/\/herbgarden.azdigi.shop\/wp-content\/uploads\/2026\/03\/z7616979954045_882f0175864fdd3853ad14d1a3a5a94a-683x1024.jpg 683w, https:\/\/herbgarden.azdigi.shop\/wp-content\/uploads\/2026\/03\/z7616979954045_882f0175864fdd3853ad14d1a3a5a94a-200x300.jpg 200w, https:\/\/herbgarden.azdigi.shop\/wp-content\/uploads\/2026\/03\/z7616979954045_882f0175864fdd3853ad14d1a3a5a94a-768x1152.jpg 768w, https:\/\/herbgarden.azdigi.shop\/wp-content\/uploads\/2026\/03\/z7616979954045_882f0175864fdd3853ad14d1a3a5a94a-600x900.jpg 600w, https:\/\/herbgarden.azdigi.shop\/wp-content\/uploads\/2026\/03\/z7616979954045_882f0175864fdd3853ad14d1a3a5a94a.jpg 1024w\" sizes=\"auto, (max-width: 683px) 100vw, 683px\" \/>\t\t\t\t\t\t\n\t\t\t\t\t<\/div>\n\t\t\t\t\t\t\t\t\n<style>\n#image_1794504502 {\n  width: 96%;\n}\n<\/style>\n\t<\/div>\n\t\n\t<div id=\"text-3708928478\" class=\"text\">\n\t\t\n<h3>Ch\u01b0\u1eddm l\u1ea1nh \u2013 L\u00e0m d\u1ecbu nhanh v\u00f9ng \u0111au v\u00e0 s\u01b0ng<\/h3>\n<p>\u0110\u1eb7t g\u1ed1i ch\u01b0\u1eddm v\u00e0o ng\u0103n \u0111\u00e1 t\u1ee7 l\u1ea1nh kho\u1ea3ng 1\u20132 gi\u1edd \u0111\u1ec3 l\u00e0m l\u1ea1nh. Ph\u01b0\u01a1ng ph\u00e1p ch\u01b0\u1eddm l\u1ea1nh gi\u00fap gi\u1ea3m s\u01b0ng, gi\u1ea3m \u0111au v\u00e0 l\u00e0m d\u1ecbu c\u00e1c v\u00f9ng c\u01a1 b\u1ecb vi\u00eam ho\u1eb7c c\u0103ng m\u1ecfi.<\/p>\n\t\t\n<style>\n#text-3708928478 {\n  font-size: 0.75rem;\n  line-height: 2.25;\n  color: rgb(0,0,0);\n}\n#text-3708928478 > * {\n  color: rgb(0,0,0);\n}\n<\/style>\n\t<\/div>\n\t\n\t\t<\/div>\n\t\t\t\t\t<\/div>\n\n\t\n<\/div>\n<div class=\"video video-fit mb\" style=\"padding-top:56.25%;\"><p><iframe loading=\"lazy\" title=\"C\u00e1ch l\u00e0m n\u00f3ng t\u00fai ch\u01b0\u1eddm th\u1ea3o d\u01b0\u1ee3c b\u1eb1ng Microwave\" width=\"1020\" height=\"574\" src=\"https:\/\/www.youtube.com\/embed\/2M8R4Sq5yE4?feature=oembed\" frameborder=\"0\" allow=\"accelerometer; autoplay; clipboard-write; encrypted-media; gyroscope; picture-in-picture; web-share\" referrerpolicy=\"strict-origin-when-cross-origin\" allowfullscreen><\/iframe><\/p>\n<\/div>\n","protected":false},"excerpt":{"rendered":"","protected":false},"author":1,"featured_media":0,"parent":0,"menu_order":0,"comment_status":"closed","ping_status":"closed","template":"","meta":{"footnotes":""},"class_list":["post-37","page","type-page","status-publish","hentry"],"yoast_head":"<!-- This site is optimized with the Yoast SEO plugin v26.9 - https:\/\/yoast.com\/product\/yoast-seo-wordpress\/ -->\n<title>FAQ - HerbGarden<\/title>\n<meta name=\"robots\" content=\"index, follow, max-snippet:-1, max-image-preview:large, max-video-preview:-1\" \/>\n<link rel=\"canonical\" href=\"https:\/\/herbgarden.azdigi.shop\/index.php\/faq\/\" \/>\n<meta property=\"og:locale\" content=\"vi_VN\" \/>\n<meta property=\"og:type\" content=\"article\" \/>\n<meta property=\"og:title\" content=\"FAQ - HerbGarden\" \/>\n<meta property=\"og:url\" content=\"https:\/\/herbgarden.azdigi.shop\/index.php\/faq\/\" \/>\n<meta property=\"og:site_name\" content=\"HerbGarden\" \/>\n<meta property=\"article:publisher\" content=\"https:\/\/www.facebook.com\/share\/1HQRtY19gd\/?mibextid=wwXIfr\" \/>\n<meta property=\"article:modified_time\" content=\"2026-03-13T13:00:51+00:00\" \/>\n<meta name=\"twitter:card\" content=\"summary_large_image\" \/>\n<script type=\"application\/ld+json\" class=\"yoast-schema-graph\">{\"@context\":\"https:\/\/schema.org\",\"@graph\":[{\"@type\":\"WebPage\",\"@id\":\"https:\/\/herbgarden.azdigi.shop\/index.php\/faq\/\",\"url\":\"https:\/\/herbgarden.azdigi.shop\/index.php\/faq\/\",\"name\":\"FAQ - HerbGarden\",\"isPartOf\":{\"@id\":\"https:\/\/herbgarden.azdigi.shop\/#website\"},\"datePublished\":\"2026-02-04T16:12:39+00:00\",\"dateModified\":\"2026-03-13T13:00:51+00:00\",\"breadcrumb\":{\"@id\":\"https:\/\/herbgarden.azdigi.shop\/index.php\/faq\/#breadcrumb\"},\"inLanguage\":\"vi\",\"potentialAction\":[{\"@type\":\"ReadAction\",\"target\":[\"https:\/\/herbgarden.azdigi.shop\/index.php\/faq\/\"]}]},{\"@type\":\"BreadcrumbList\",\"@id\":\"https:\/\/herbgarden.azdigi.shop\/index.php\/faq\/#breadcrumb\",\"itemListElement\":[{\"@type\":\"ListItem\",\"position\":1,\"name\":\"Trang ch\u1ee7\",\"item\":\"https:\/\/herbgarden.azdigi.shop\/\"},{\"@type\":\"ListItem\",\"position\":2,\"name\":\"FAQ\"}]},{\"@type\":\"WebSite\",\"@id\":\"https:\/\/herbgarden.azdigi.shop\/#website\",\"url\":\"https:\/\/herbgarden.azdigi.shop\/\",\"name\":\"HerbGarden\",\"description\":\"\",\"publisher\":{\"@id\":\"https:\/\/herbgarden.azdigi.shop\/#organization\"},\"potentialAction\":[{\"@type\":\"SearchAction\",\"target\":{\"@type\":\"EntryPoint\",\"urlTemplate\":\"https:\/\/herbgarden.azdigi.shop\/?s={search_term_string}\"},\"query-input\":{\"@type\":\"PropertyValueSpecification\",\"valueRequired\":true,\"valueName\":\"search_term_string\"}}],\"inLanguage\":\"vi\"},{\"@type\":\"Organization\",\"@id\":\"https:\/\/herbgarden.azdigi.shop\/#organization\",\"name\":\"HerbGarden\",\"url\":\"https:\/\/herbgarden.azdigi.shop\/\",\"logo\":{\"@type\":\"ImageObject\",\"inLanguage\":\"vi\",\"@id\":\"https:\/\/herbgarden.azdigi.shop\/#\/schema\/logo\/image\/\",\"url\":\"https:\/\/herbgarden.azdigi.shop\/wp-content\/uploads\/2026\/02\/z7501921769884_df2bce45bfd3c2999baaeb5438424b6d.jpg\",\"contentUrl\":\"https:\/\/herbgarden.azdigi.shop\/wp-content\/uploads\/2026\/02\/z7501921769884_df2bce45bfd3c2999baaeb5438424b6d.jpg\",\"width\":1024,\"height\":1024,\"caption\":\"HerbGarden\"},\"image\":{\"@id\":\"https:\/\/herbgarden.azdigi.shop\/#\/schema\/logo\/image\/\"},\"sameAs\":[\"https:\/\/www.facebook.com\/share\/1HQRtY19gd\/?mibextid=wwXIfr\"]}]}<\/script>\n<!-- \/ Yoast SEO plugin. -->","yoast_head_json":{"title":"FAQ - HerbGarden","robots":{"index":"index","follow":"follow","max-snippet":"max-snippet:-1","max-image-preview":"max-image-preview:large","max-video-preview":"max-video-preview:-1"},"canonical":"https:\/\/herbgarden.azdigi.shop\/index.php\/faq\/","og_locale":"vi_VN","og_type":"article","og_title":"FAQ - HerbGarden","og_url":"https:\/\/herbgarden.azdigi.shop\/index.php\/faq\/","og_site_name":"HerbGarden","article_publisher":"https:\/\/www.facebook.com\/share\/1HQRtY19gd\/?mibextid=wwXIfr","article_modified_time":"2026-03-13T13:00:51+00:00","twitter_card":"summary_large_image","schema":{"@context":"https:\/\/schema.org","@graph":[{"@type":"WebPage","@id":"https:\/\/herbgarden.azdigi.shop\/index.php\/faq\/","url":"https:\/\/herbgarden.azdigi.shop\/index.php\/faq\/","name":"FAQ - HerbGarden","isPartOf":{"@id":"https:\/\/herbgarden.azdigi.shop\/#website"},"datePublished":"2026-02-04T16:12:39+00:00","dateModified":"2026-03-13T13:00:51+00:00","breadcrumb":{"@id":"https:\/\/herbgarden.azdigi.shop\/index.php\/faq\/#breadcrumb"},"inLanguage":"vi","potentialAction":[{"@type":"ReadAction","target":["https:\/\/herbgarden.azdigi.shop\/index.php\/faq\/"]}]},{"@type":"BreadcrumbList","@id":"https:\/\/herbgarden.azdigi.shop\/index.php\/faq\/#breadcrumb","itemListElement":[{"@type":"ListItem","position":1,"name":"Trang ch\u1ee7","item":"https:\/\/herbgarden.azdigi.shop\/"},{"@type":"ListItem","position":2,"name":"FAQ"}]},{"@type":"WebSite","@id":"https:\/\/herbgarden.azdigi.shop\/#website","url":"https:\/\/herbgarden.azdigi.shop\/","name":"HerbGarden","description":"","publisher":{"@id":"https:\/\/herbgarden.azdigi.shop\/#organization"},"potentialAction":[{"@type":"SearchAction","target":{"@type":"EntryPoint","urlTemplate":"https:\/\/herbgarden.azdigi.shop\/?s={search_term_string}"},"query-input":{"@type":"PropertyValueSpecification","valueRequired":true,"valueName":"search_term_string"}}],"inLanguage":"vi"},{"@type":"Organization","@id":"https:\/\/herbgarden.azdigi.shop\/#organization","name":"HerbGarden","url":"https:\/\/herbgarden.azdigi.shop\/","logo":{"@type":"ImageObject","inLanguage":"vi","@id":"https:\/\/herbgarden.azdigi.shop\/#\/schema\/logo\/image\/","url":"https:\/\/herbgarden.azdigi.shop\/wp-content\/uploads\/2026\/02\/z7501921769884_df2bce45bfd3c2999baaeb5438424b6d.jpg","contentUrl":"https:\/\/herbgarden.azdigi.shop\/wp-content\/uploads\/2026\/02\/z7501921769884_df2bce45bfd3c2999baaeb5438424b6d.jpg","width":1024,"height":1024,"caption":"HerbGarden"},"image":{"@id":"https:\/\/herbgarden.azdigi.shop\/#\/schema\/logo\/image\/"},"sameAs":["https:\/\/www.facebook.com\/share\/1HQRtY19gd\/?mibextid=wwXIfr"]}]}},"_links":{"self":[{"href":"https:\/\/herbgarden.azdigi.shop\/index.php\/wp-json\/wp\/v2\/pages\/37","targetHints":{"allow":["GET"]}}],"collection":[{"href":"https:\/\/herbgarden.azdigi.shop\/index.php\/wp-json\/wp\/v2\/pages"}],"about":[{"href":"https:\/\/herbgarden.azdigi.shop\/index.php\/wp-json\/wp\/v2\/types\/page"}],"author":[{"embeddable":true,"href":"https:\/\/herbgarden.azdigi.shop\/index.php\/wp-json\/wp\/v2\/users\/1"}],"replies":[{"embeddable":true,"href":"https:\/\/herbgarden.azdigi.shop\/index.php\/wp-json\/wp\/v2\/comments?post=37"}],"version-history":[{"count":3,"href":"https:\/\/herbgarden.azdigi.shop\/index.php\/wp-json\/wp\/v2\/pages\/37\/revisions"}],"predecessor-version":[{"id":316,"href":"https:\/\/herbgarden.azdigi.shop\/index.php\/wp-json\/wp\/v2\/pages\/37\/revisions\/316"}],"wp:attachment":[{"href":"https:\/\/herbgarden.azdigi.shop\/index.php\/wp-json\/wp\/v2\/media?parent=37"}],"curies":[{"name":"wp","href":"https:\/\/api.w.org\/{rel}","templated":true}]}}