{"id":207,"date":"2026-02-28T04:52:48","date_gmt":"2026-02-28T04:52:48","guid":{"rendered":"https:\/\/herbgarden.azdigi.shop\/?page_id=207"},"modified":"2026-03-03T13:50:24","modified_gmt":"2026-03-03T13:50:24","slug":"blog","status":"publish","type":"page","link":"https:\/\/herbgarden.azdigi.shop\/index.php\/blog\/","title":{"rendered":"Blog"},"content":{"rendered":"\n  \n    <div id=\"row-527555661\" class=\"row large-columns-3 medium-columns- small-columns-1 has-shadow row-box-shadow-2 row-masonry\" data-packery-options='{\"itemSelector\": \".col\", \"gutter\": 0, \"presentageWidth\" : true}'>\n\n  \t\t<div class=\"col post-item\" >\n\t\t\t<div class=\"col-inner\">\n\t\t\t<a href=\"https:\/\/herbgarden.azdigi.shop\/index.php\/2026\/04\/07\/mua-hang-thong-minh-tiet-kiem-cho-lan-sau\/\" class=\"plain\">\n\t\t\t\t<div class=\"box box-text-bottom box-blog-post has-hover\">\n            \t\t\t\t\t<div class=\"box-image\" >\n  \t\t\t\t\t\t<div class=\"image-cover\" style=\"padding-top:180px;\">\n  \t\t\t\t\t\t\t<img loading=\"lazy\" decoding=\"async\" width=\"300\" height=\"300\" src=\"https:\/\/herbgarden.azdigi.shop\/wp-content\/uploads\/2026\/04\/661341115_122118330093236499_8227245477038214923_n-300x300.jpg\" class=\"attachment-medium size-medium wp-post-image\" alt=\"\" srcset=\"https:\/\/herbgarden.azdigi.shop\/wp-content\/uploads\/2026\/04\/661341115_122118330093236499_8227245477038214923_n-300x300.jpg 300w, https:\/\/herbgarden.azdigi.shop\/wp-content\/uploads\/2026\/04\/661341115_122118330093236499_8227245477038214923_n-1024x1024.jpg 1024w, https:\/\/herbgarden.azdigi.shop\/wp-content\/uploads\/2026\/04\/661341115_122118330093236499_8227245477038214923_n-150x150.jpg 150w, https:\/\/herbgarden.azdigi.shop\/wp-content\/uploads\/2026\/04\/661341115_122118330093236499_8227245477038214923_n-768x768.jpg 768w, https:\/\/herbgarden.azdigi.shop\/wp-content\/uploads\/2026\/04\/661341115_122118330093236499_8227245477038214923_n-600x600.jpg 600w, https:\/\/herbgarden.azdigi.shop\/wp-content\/uploads\/2026\/04\/661341115_122118330093236499_8227245477038214923_n-100x100.jpg 100w, https:\/\/herbgarden.azdigi.shop\/wp-content\/uploads\/2026\/04\/661341115_122118330093236499_8227245477038214923_n.jpg 1080w\" sizes=\"auto, (max-width: 300px) 100vw, 300px\" \/>  \t\t\t\t\t\t\t  \t\t\t\t\t\t\t  \t\t\t\t\t\t<\/div>\n  \t\t\t\t\t\t  \t\t\t\t\t<\/div>\n          \t\t\t\t\t<div class=\"box-text text-center\" >\n\t\t\t\t\t<div class=\"box-text-inner blog-post-inner\">\n\n\t\t\t\t\t\n\t\t\t\t\t\t\t\t\t\t<h5 class=\"post-title is-large \">Mua H\u00e0ng Th\u00f4ng Minh, Ti\u1ebft Ki\u1ec7m Cho L\u1ea7n Sau<\/h5>\n\t\t\t\t\t\t\t\t\t\t<div class=\"is-divider\"><\/div>\n\t\t\t\t\t\t\t\t\t\t<p class=\"from_the_blog_excerpt \">HerbGarden &#8211; Mua H\u00e0ng Th\u00f4ng Minh, Ti\u1ebft Ki\u1ec7m Cho L\u1ea7n Sau Khi mua s\u1eafm, c\u00f3 [...]\t\t\t\t\t<\/p>\n\t\t\t\t\t                    \n\t\t\t\t\t\n\t\t\t\t\t\n\t\t\t\t\t<\/div>\n\t\t\t\t\t<\/div>\n\t\t\t\t\t\t\t\t\t\t\t\t\t\t\t\t<div class=\"badge absolute top post-date badge-outline\">\n\t\t\t\t\t\t\t<div class=\"badge-inner\">\n\t\t\t\t\t\t\t\t<span class=\"post-date-day\">07<\/span><br>\n\t\t\t\t\t\t\t\t<span class=\"post-date-month is-xsmall\">Th4<\/span>\n\t\t\t\t\t\t\t<\/div>\n\t\t\t\t\t\t<\/div>\n\t\t\t\t\t\t\t\t\t<\/div>\n\t\t\t\t<\/a>\n\t\t\t<\/div>\n\t\t<\/div>\n\t\t<div class=\"col post-item\" >\n\t\t\t<div class=\"col-inner\">\n\t\t\t<a href=\"https:\/\/herbgarden.azdigi.shop\/index.php\/2026\/04\/06\/391\/\" class=\"plain\">\n\t\t\t\t<div class=\"box box-text-bottom box-blog-post has-hover\">\n            \t\t\t\t\t<div class=\"box-image\" >\n  \t\t\t\t\t\t<div class=\"image-cover\" style=\"padding-top:180px;\">\n  \t\t\t\t\t\t\t<img loading=\"lazy\" decoding=\"async\" width=\"225\" height=\"300\" src=\"https:\/\/herbgarden.azdigi.shop\/wp-content\/uploads\/2026\/04\/662628262_122118138081236499_7473717449828749990_n-225x300.jpg\" class=\"attachment-medium size-medium wp-post-image\" alt=\"\" srcset=\"https:\/\/herbgarden.azdigi.shop\/wp-content\/uploads\/2026\/04\/662628262_122118138081236499_7473717449828749990_n-225x300.jpg 225w, https:\/\/herbgarden.azdigi.shop\/wp-content\/uploads\/2026\/04\/662628262_122118138081236499_7473717449828749990_n-600x800.jpg 600w, https:\/\/herbgarden.azdigi.shop\/wp-content\/uploads\/2026\/04\/662628262_122118138081236499_7473717449828749990_n.jpg 736w\" sizes=\"auto, (max-width: 225px) 100vw, 225px\" \/>  \t\t\t\t\t\t\t  \t\t\t\t\t\t\t  \t\t\t\t\t\t<\/div>\n  \t\t\t\t\t\t  \t\t\t\t\t<\/div>\n          \t\t\t\t\t<div class=\"box-text text-center\" >\n\t\t\t\t\t<div class=\"box-text-inner blog-post-inner\">\n\n\t\t\t\t\t\n\t\t\t\t\t\t\t\t\t\t<h5 class=\"post-title is-large \"><\/h5>\n\t\t\t\t\t\t\t\t\t\t<div class=\"is-divider\"><\/div>\n\t\t\t\t\t\t\t\t\t\t<p class=\"from_the_blog_excerpt \">Ch\u0103m S\u00f3c M\u1eaft Hi\u1ec7u Qu\u1ea3 V\u1edbi T\u00fai Ch\u01b0\u1eddm M\u1eaft HerbGarden 90% m\u1ecdi ng\u01b0\u1eddi \u0111ang ch\u0103m [...]\t\t\t\t\t<\/p>\n\t\t\t\t\t                    \n\t\t\t\t\t\n\t\t\t\t\t\n\t\t\t\t\t<\/div>\n\t\t\t\t\t<\/div>\n\t\t\t\t\t\t\t\t\t\t\t\t\t\t\t\t<div class=\"badge absolute top post-date badge-outline\">\n\t\t\t\t\t\t\t<div class=\"badge-inner\">\n\t\t\t\t\t\t\t\t<span class=\"post-date-day\">06<\/span><br>\n\t\t\t\t\t\t\t\t<span class=\"post-date-month is-xsmall\">Th4<\/span>\n\t\t\t\t\t\t\t<\/div>\n\t\t\t\t\t\t<\/div>\n\t\t\t\t\t\t\t\t\t<\/div>\n\t\t\t\t<\/a>\n\t\t\t<\/div>\n\t\t<\/div>\n\t\t<div class=\"col post-item\" >\n\t\t\t<div class=\"col-inner\">\n\t\t\t<a href=\"https:\/\/herbgarden.azdigi.shop\/index.php\/2026\/04\/02\/hello-thang-4\/\" class=\"plain\">\n\t\t\t\t<div class=\"box box-text-bottom box-blog-post has-hover\">\n            \t\t\t\t\t<div class=\"box-image\" >\n  \t\t\t\t\t\t<div class=\"image-cover\" style=\"padding-top:180px;\">\n  \t\t\t\t\t\t\t<img loading=\"lazy\" decoding=\"async\" width=\"300\" height=\"213\" src=\"https:\/\/herbgarden.azdigi.shop\/wp-content\/uploads\/2026\/04\/659820845_122117507565236499_6817417273526702088_n-300x213.jpg\" class=\"attachment-medium size-medium wp-post-image\" alt=\"\" srcset=\"https:\/\/herbgarden.azdigi.shop\/wp-content\/uploads\/2026\/04\/659820845_122117507565236499_6817417273526702088_n-300x213.jpg 300w, https:\/\/herbgarden.azdigi.shop\/wp-content\/uploads\/2026\/04\/659820845_122117507565236499_6817417273526702088_n-1024x726.jpg 1024w, https:\/\/herbgarden.azdigi.shop\/wp-content\/uploads\/2026\/04\/659820845_122117507565236499_6817417273526702088_n-768x545.jpg 768w, https:\/\/herbgarden.azdigi.shop\/wp-content\/uploads\/2026\/04\/659820845_122117507565236499_6817417273526702088_n-600x426.jpg 600w, https:\/\/herbgarden.azdigi.shop\/wp-content\/uploads\/2026\/04\/659820845_122117507565236499_6817417273526702088_n.jpg 1218w\" sizes=\"auto, (max-width: 300px) 100vw, 300px\" \/>  \t\t\t\t\t\t\t  \t\t\t\t\t\t\t  \t\t\t\t\t\t<\/div>\n  \t\t\t\t\t\t  \t\t\t\t\t<\/div>\n          \t\t\t\t\t<div class=\"box-text text-center\" >\n\t\t\t\t\t<div class=\"box-text-inner blog-post-inner\">\n\n\t\t\t\t\t\n\t\t\t\t\t\t\t\t\t\t<h5 class=\"post-title is-large \">HELLO TH\u00c1NG 4<\/h5>\n\t\t\t\t\t\t\t\t\t\t<div class=\"is-divider\"><\/div>\n\t\t\t\t\t\t\t\t\t\t<p class=\"from_the_blog_excerpt \">\ud83c\udf38 HELLO TH\u00c1NG 4 \u2013 SALE \u0110\u1ebeN 30% T\u1eea HERBGARDEN! \ud83c\udf3f \u01afu \u0111\u00e3i l\u1edbn nh\u1ea5t [...]\t\t\t\t\t<\/p>\n\t\t\t\t\t                    \n\t\t\t\t\t\n\t\t\t\t\t\n\t\t\t\t\t<\/div>\n\t\t\t\t\t<\/div>\n\t\t\t\t\t\t\t\t\t\t\t\t\t\t\t\t<div class=\"badge absolute top post-date badge-outline\">\n\t\t\t\t\t\t\t<div class=\"badge-inner\">\n\t\t\t\t\t\t\t\t<span class=\"post-date-day\">02<\/span><br>\n\t\t\t\t\t\t\t\t<span class=\"post-date-month is-xsmall\">Th4<\/span>\n\t\t\t\t\t\t\t<\/div>\n\t\t\t\t\t\t<\/div>\n\t\t\t\t\t\t\t\t\t<\/div>\n\t\t\t\t<\/a>\n\t\t\t<\/div>\n\t\t<\/div>\n\t\t<div class=\"col post-item\" >\n\t\t\t<div class=\"col-inner\">\n\t\t\t<a href=\"https:\/\/herbgarden.azdigi.shop\/index.php\/2026\/03\/29\/neu-cuoc-doi-khong-ruc-ro-thi-sao\/\" class=\"plain\">\n\t\t\t\t<div class=\"box box-text-bottom box-blog-post has-hover\">\n            \t\t\t\t\t<div class=\"box-image\" >\n  \t\t\t\t\t\t<div class=\"image-cover\" style=\"padding-top:180px;\">\n  \t\t\t\t\t\t\t<img loading=\"lazy\" decoding=\"async\" width=\"240\" height=\"300\" src=\"https:\/\/herbgarden.azdigi.shop\/wp-content\/uploads\/2026\/04\/657449041_122116782405236499_5228277985150071478_n-240x300.jpg\" class=\"attachment-medium size-medium wp-post-image\" alt=\"\" srcset=\"https:\/\/herbgarden.azdigi.shop\/wp-content\/uploads\/2026\/04\/657449041_122116782405236499_5228277985150071478_n-240x300.jpg 240w, https:\/\/herbgarden.azdigi.shop\/wp-content\/uploads\/2026\/04\/657449041_122116782405236499_5228277985150071478_n-819x1024.jpg 819w, https:\/\/herbgarden.azdigi.shop\/wp-content\/uploads\/2026\/04\/657449041_122116782405236499_5228277985150071478_n-768x960.jpg 768w, https:\/\/herbgarden.azdigi.shop\/wp-content\/uploads\/2026\/04\/657449041_122116782405236499_5228277985150071478_n-600x750.jpg 600w, https:\/\/herbgarden.azdigi.shop\/wp-content\/uploads\/2026\/04\/657449041_122116782405236499_5228277985150071478_n.jpg 1080w\" sizes=\"auto, (max-width: 240px) 100vw, 240px\" \/>  \t\t\t\t\t\t\t  \t\t\t\t\t\t\t  \t\t\t\t\t\t<\/div>\n  \t\t\t\t\t\t  \t\t\t\t\t<\/div>\n          \t\t\t\t\t<div class=\"box-text text-center\" >\n\t\t\t\t\t<div class=\"box-text-inner blog-post-inner\">\n\n\t\t\t\t\t\n\t\t\t\t\t\t\t\t\t\t<h5 class=\"post-title is-large \">N\u1ebeU CU\u1ed8C \u0110\u1edcI KH\u00d4NG R\u1ef0C R\u1ee0 TH\u00cc SAO?<\/h5>\n\t\t\t\t\t\t\t\t\t\t<div class=\"is-divider\"><\/div>\n\t\t\t\t\t\t\t\t\t\t<p class=\"from_the_blog_excerpt \">N\u1ebeU CU\u1ed8C \u0110\u1edcI KH\u00d4NG R\u1ef0C R\u1ee0 TH\u00cc SAO? \ud83c\udf3f Th\u00ec \u00edt nh\u1ea5t\u2026 \u0111\u00f4i vai c\u1ee7a [...]\t\t\t\t\t<\/p>\n\t\t\t\t\t                    \n\t\t\t\t\t\n\t\t\t\t\t\n\t\t\t\t\t<\/div>\n\t\t\t\t\t<\/div>\n\t\t\t\t\t\t\t\t\t\t\t\t\t\t\t\t<div class=\"badge absolute top post-date badge-outline\">\n\t\t\t\t\t\t\t<div class=\"badge-inner\">\n\t\t\t\t\t\t\t\t<span class=\"post-date-day\">29<\/span><br>\n\t\t\t\t\t\t\t\t<span class=\"post-date-month is-xsmall\">Th3<\/span>\n\t\t\t\t\t\t\t<\/div>\n\t\t\t\t\t\t<\/div>\n\t\t\t\t\t\t\t\t\t<\/div>\n\t\t\t\t<\/a>\n\t\t\t<\/div>\n\t\t<\/div>\n\t\t<div class=\"col post-item\" >\n\t\t\t<div class=\"col-inner\">\n\t\t\t<a href=\"https:\/\/herbgarden.azdigi.shop\/index.php\/2026\/03\/27\/co-the-ban-dang-moi-o-dau\/\" class=\"plain\">\n\t\t\t\t<div class=\"box box-text-bottom box-blog-post has-hover\">\n            \t\t\t\t\t<div class=\"box-image\" >\n  \t\t\t\t\t\t<div class=\"image-cover\" style=\"padding-top:180px;\">\n  \t\t\t\t\t\t\t<img loading=\"lazy\" decoding=\"async\" width=\"300\" height=\"285\" src=\"https:\/\/herbgarden.azdigi.shop\/wp-content\/uploads\/2026\/03\/656456148_122116117455236499_92962462964775074_n-300x285.jpg\" class=\"attachment-medium size-medium wp-post-image\" alt=\"\" srcset=\"https:\/\/herbgarden.azdigi.shop\/wp-content\/uploads\/2026\/03\/656456148_122116117455236499_92962462964775074_n-300x285.jpg 300w, https:\/\/herbgarden.azdigi.shop\/wp-content\/uploads\/2026\/03\/656456148_122116117455236499_92962462964775074_n-1024x972.jpg 1024w, https:\/\/herbgarden.azdigi.shop\/wp-content\/uploads\/2026\/03\/656456148_122116117455236499_92962462964775074_n-768x729.jpg 768w, https:\/\/herbgarden.azdigi.shop\/wp-content\/uploads\/2026\/03\/656456148_122116117455236499_92962462964775074_n-600x569.jpg 600w, https:\/\/herbgarden.azdigi.shop\/wp-content\/uploads\/2026\/03\/656456148_122116117455236499_92962462964775074_n.jpg 1080w\" sizes=\"auto, (max-width: 300px) 100vw, 300px\" \/>  \t\t\t\t\t\t\t  \t\t\t\t\t\t\t  \t\t\t\t\t\t<\/div>\n  \t\t\t\t\t\t  \t\t\t\t\t<\/div>\n          \t\t\t\t\t<div class=\"box-text text-center\" >\n\t\t\t\t\t<div class=\"box-text-inner blog-post-inner\">\n\n\t\t\t\t\t\n\t\t\t\t\t\t\t\t\t\t<h5 class=\"post-title is-large \">C\u01a0 TH\u1ec2 B\u1ea0N \u0110ANG M\u1eceI \u1ede \u0110\u00c2U?<\/h5>\n\t\t\t\t\t\t\t\t\t\t<div class=\"is-divider\"><\/div>\n\t\t\t\t\t\t\t\t\t\t<p class=\"from_the_blog_excerpt \">TEST NHANH 3 GI\u00c2Y: C\u01a0 TH\u1ec2 B\u1ea0N \u0110ANG M\u1eceI \u1ede \u0110\u00c2U? \ud83c\udf3f \u0110\u1eebng l\u01b0\u1edbt qua [...]\t\t\t\t\t<\/p>\n\t\t\t\t\t                    \n\t\t\t\t\t\n\t\t\t\t\t\n\t\t\t\t\t<\/div>\n\t\t\t\t\t<\/div>\n\t\t\t\t\t\t\t\t\t\t\t\t\t\t\t\t<div class=\"badge absolute top post-date badge-outline\">\n\t\t\t\t\t\t\t<div class=\"badge-inner\">\n\t\t\t\t\t\t\t\t<span class=\"post-date-day\">27<\/span><br>\n\t\t\t\t\t\t\t\t<span class=\"post-date-month is-xsmall\">Th3<\/span>\n\t\t\t\t\t\t\t<\/div>\n\t\t\t\t\t\t<\/div>\n\t\t\t\t\t\t\t\t\t<\/div>\n\t\t\t\t<\/a>\n\t\t\t<\/div>\n\t\t<\/div>\n\t\t<div class=\"col post-item\" >\n\t\t\t<div class=\"col-inner\">\n\t\t\t<a href=\"https:\/\/herbgarden.azdigi.shop\/index.php\/2026\/03\/21\/ban-se-ngac-nhien-khi-biet-dieu-nay-%f0%9f%8c%bf\/\" class=\"plain\">\n\t\t\t\t<div class=\"box box-text-bottom box-blog-post has-hover\">\n            \t\t\t\t\t<div class=\"box-image\" >\n  \t\t\t\t\t\t<div class=\"image-cover\" style=\"padding-top:180px;\">\n  \t\t\t\t\t\t\t<img loading=\"lazy\" decoding=\"async\" width=\"242\" height=\"300\" src=\"https:\/\/herbgarden.azdigi.shop\/wp-content\/uploads\/2026\/03\/655999817_122115475329236499_3847276466821260253_n-242x300.jpg\" class=\"attachment-medium size-medium wp-post-image\" alt=\"\" srcset=\"https:\/\/herbgarden.azdigi.shop\/wp-content\/uploads\/2026\/03\/655999817_122115475329236499_3847276466821260253_n-242x300.jpg 242w, https:\/\/herbgarden.azdigi.shop\/wp-content\/uploads\/2026\/03\/655999817_122115475329236499_3847276466821260253_n-825x1024.jpg 825w, https:\/\/herbgarden.azdigi.shop\/wp-content\/uploads\/2026\/03\/655999817_122115475329236499_3847276466821260253_n-768x954.jpg 768w, https:\/\/herbgarden.azdigi.shop\/wp-content\/uploads\/2026\/03\/655999817_122115475329236499_3847276466821260253_n-600x745.jpg 600w, https:\/\/herbgarden.azdigi.shop\/wp-content\/uploads\/2026\/03\/655999817_122115475329236499_3847276466821260253_n.jpg 1080w\" sizes=\"auto, (max-width: 242px) 100vw, 242px\" \/>  \t\t\t\t\t\t\t  \t\t\t\t\t\t\t  \t\t\t\t\t\t<\/div>\n  \t\t\t\t\t\t  \t\t\t\t\t<\/div>\n          \t\t\t\t\t<div class=\"box-text text-center\" >\n\t\t\t\t\t<div class=\"box-text-inner blog-post-inner\">\n\n\t\t\t\t\t\n\t\t\t\t\t\t\t\t\t\t<h5 class=\"post-title is-large \">B\u1ea0N S\u1ebc NG\u1ea0C NHI\u00caN KHI BI\u1ebeT \u0110I\u1ec0U N\u00c0Y\u2026 \ud83c\udf3f<\/h5>\n\t\t\t\t\t\t\t\t\t\t<div class=\"is-divider\"><\/div>\n\t\t\t\t\t\t\t\t\t\t<p class=\"from_the_blog_excerpt \">B\u1ea0N S\u1ebc NG\u1ea0C NHI\u00caN KHI BI\u1ebeT \u0110I\u1ec0U N\u00c0Y\u2026 \ud83c\udf3f G\u1ed1i ch\u01b0\u1eddm th\u1ea3o m\u1ed9c \u2013 ng\u01b0\u1eddi [...]\t\t\t\t\t<\/p>\n\t\t\t\t\t                    \n\t\t\t\t\t\n\t\t\t\t\t\n\t\t\t\t\t<\/div>\n\t\t\t\t\t<\/div>\n\t\t\t\t\t\t\t\t\t\t\t\t\t\t\t\t<div class=\"badge absolute top post-date badge-outline\">\n\t\t\t\t\t\t\t<div class=\"badge-inner\">\n\t\t\t\t\t\t\t\t<span class=\"post-date-day\">21<\/span><br>\n\t\t\t\t\t\t\t\t<span class=\"post-date-month is-xsmall\">Th3<\/span>\n\t\t\t\t\t\t\t<\/div>\n\t\t\t\t\t\t<\/div>\n\t\t\t\t\t\t\t\t\t<\/div>\n\t\t\t\t<\/a>\n\t\t\t<\/div>\n\t\t<\/div>\n\t\t<div class=\"col post-item\" >\n\t\t\t<div class=\"col-inner\">\n\t\t\t<a href=\"https:\/\/herbgarden.azdigi.shop\/index.php\/2026\/03\/18\/quy-trinh-goi-chuom-hergarden\/\" class=\"plain\">\n\t\t\t\t<div class=\"box box-text-bottom box-blog-post has-hover\">\n          \t\t\t\t\t<div class=\"box-text text-center\" >\n\t\t\t\t\t<div class=\"box-text-inner blog-post-inner\">\n\n\t\t\t\t\t\n\t\t\t\t\t\t\t\t\t\t<h5 class=\"post-title is-large \">Quy tr\u00ecnh g\u1ed1i ch\u01b0\u1eddm HerGarden<\/h5>\n\t\t\t\t\t<div class=\"post-meta is-small op-8\">Th\u00e1ng 3 18, 2026<\/div>\t\t\t\t\t<div class=\"is-divider\"><\/div>\n\t\t\t\t\t\t\t\t\t\t<p class=\"from_the_blog_excerpt \">\u0110\u1eb0NG SAU M\u1ed6I CHI\u1ebeC G\u1ed0I CH\u01af\u1edcM HERBGARDEN L\u00c0 C\u1ea2 M\u1ed8T QU\u00c1 TR\u00ccNH CH\u1ec8N CHU M\u1ed9t [...]\t\t\t\t\t<\/p>\n\t\t\t\t\t                    \n\t\t\t\t\t\n\t\t\t\t\t\n\t\t\t\t\t<\/div>\n\t\t\t\t\t<\/div>\n\t\t\t\t\t\t\t\t\t<\/div>\n\t\t\t\t<\/a>\n\t\t\t<\/div>\n\t\t<\/div>\n\t\t<div class=\"col post-item\" >\n\t\t\t<div class=\"col-inner\">\n\t\t\t<a href=\"https:\/\/herbgarden.azdigi.shop\/index.php\/2026\/03\/14\/dan-van-phong-chac-se-hieu-cam-giac-nay\/\" class=\"plain\">\n\t\t\t\t<div class=\"box box-text-bottom box-blog-post has-hover\">\n            \t\t\t\t\t<div class=\"box-image\" >\n  \t\t\t\t\t\t<div class=\"image-cover\" style=\"padding-top:180px;\">\n  \t\t\t\t\t\t\t<img loading=\"lazy\" decoding=\"async\" width=\"300\" height=\"164\" src=\"https:\/\/herbgarden.azdigi.shop\/wp-content\/uploads\/2026\/03\/651266904_122114002275236499_7698490119522160342_n-300x164.jpg\" class=\"attachment-medium size-medium wp-post-image\" alt=\"\" srcset=\"https:\/\/herbgarden.azdigi.shop\/wp-content\/uploads\/2026\/03\/651266904_122114002275236499_7698490119522160342_n-300x164.jpg 300w, https:\/\/herbgarden.azdigi.shop\/wp-content\/uploads\/2026\/03\/651266904_122114002275236499_7698490119522160342_n-1024x559.jpg 1024w, https:\/\/herbgarden.azdigi.shop\/wp-content\/uploads\/2026\/03\/651266904_122114002275236499_7698490119522160342_n-768x419.jpg 768w, https:\/\/herbgarden.azdigi.shop\/wp-content\/uploads\/2026\/03\/651266904_122114002275236499_7698490119522160342_n-600x327.jpg 600w, https:\/\/herbgarden.azdigi.shop\/wp-content\/uploads\/2026\/03\/651266904_122114002275236499_7698490119522160342_n.jpg 1408w\" sizes=\"auto, (max-width: 300px) 100vw, 300px\" \/>  \t\t\t\t\t\t\t  \t\t\t\t\t\t\t  \t\t\t\t\t\t<\/div>\n  \t\t\t\t\t\t  \t\t\t\t\t<\/div>\n          \t\t\t\t\t<div class=\"box-text text-center\" >\n\t\t\t\t\t<div class=\"box-text-inner blog-post-inner\">\n\n\t\t\t\t\t\n\t\t\t\t\t\t\t\t\t\t<h5 class=\"post-title is-large \">D\u00c2N V\u0102N PH\u00d2NG CH\u1eaeC S\u1ebc HI\u1ec2U C\u1ea2M GI\u00c1C N\u00c0Y<\/h5>\n\t\t\t\t\t\t\t\t\t\t<div class=\"is-divider\"><\/div>\n\t\t\t\t\t\t\t\t\t\t<p class=\"from_the_blog_excerpt \">D\u00c2N V\u0102N PH\u00d2NG CH\u1eaeC S\u1ebc HI\u1ec2U C\u1ea2M GI\u00c1C N\u00c0Y\u2026 S\u00e1ng m\u1edf laptop, deadline n\u1ed1i ti\u1ebfp [...]\t\t\t\t\t<\/p>\n\t\t\t\t\t                    \n\t\t\t\t\t\n\t\t\t\t\t\n\t\t\t\t\t<\/div>\n\t\t\t\t\t<\/div>\n\t\t\t\t\t\t\t\t\t\t\t\t\t\t\t\t<div class=\"badge absolute top post-date badge-outline\">\n\t\t\t\t\t\t\t<div class=\"badge-inner\">\n\t\t\t\t\t\t\t\t<span class=\"post-date-day\">14<\/span><br>\n\t\t\t\t\t\t\t\t<span class=\"post-date-month is-xsmall\">Th3<\/span>\n\t\t\t\t\t\t\t<\/div>\n\t\t\t\t\t\t<\/div>\n\t\t\t\t\t\t\t\t\t<\/div>\n\t\t\t\t<\/a>\n\t\t\t<\/div>\n\t\t<\/div>\n<\/div>\n","protected":false},"excerpt":{"rendered":"","protected":false},"author":1,"featured_media":0,"parent":0,"menu_order":0,"comment_status":"closed","ping_status":"closed","template":"","meta":{"footnotes":""},"class_list":["post-207","page","type-page","status-publish","hentry"],"yoast_head":"<!-- This site is optimized with the Yoast SEO plugin v26.9 - https:\/\/yoast.com\/product\/yoast-seo-wordpress\/ -->\n<title>Blog - HerbGarden<\/title>\n<meta name=\"robots\" content=\"index, follow, max-snippet:-1, max-image-preview:large, max-video-preview:-1\" \/>\n<link rel=\"canonical\" href=\"https:\/\/herbgarden.azdigi.shop\/index.php\/blog\/\" \/>\n<meta property=\"og:locale\" content=\"vi_VN\" \/>\n<meta property=\"og:type\" content=\"article\" \/>\n<meta property=\"og:title\" content=\"Blog - HerbGarden\" \/>\n<meta property=\"og:url\" content=\"https:\/\/herbgarden.azdigi.shop\/index.php\/blog\/\" \/>\n<meta property=\"og:site_name\" content=\"HerbGarden\" \/>\n<meta property=\"article:publisher\" content=\"https:\/\/www.facebook.com\/share\/1HQRtY19gd\/?mibextid=wwXIfr\" \/>\n<meta property=\"article:modified_time\" content=\"2026-03-03T13:50:24+00:00\" \/>\n<meta name=\"twitter:card\" content=\"summary_large_image\" \/>\n<script type=\"application\/ld+json\" class=\"yoast-schema-graph\">{\"@context\":\"https:\/\/schema.org\",\"@graph\":[{\"@type\":\"WebPage\",\"@id\":\"https:\/\/herbgarden.azdigi.shop\/index.php\/blog\/\",\"url\":\"https:\/\/herbgarden.azdigi.shop\/index.php\/blog\/\",\"name\":\"Blog - HerbGarden\",\"isPartOf\":{\"@id\":\"https:\/\/herbgarden.azdigi.shop\/#website\"},\"datePublished\":\"2026-02-28T04:52:48+00:00\",\"dateModified\":\"2026-03-03T13:50:24+00:00\",\"breadcrumb\":{\"@id\":\"https:\/\/herbgarden.azdigi.shop\/index.php\/blog\/#breadcrumb\"},\"inLanguage\":\"vi\",\"potentialAction\":[{\"@type\":\"ReadAction\",\"target\":[\"https:\/\/herbgarden.azdigi.shop\/index.php\/blog\/\"]}]},{\"@type\":\"BreadcrumbList\",\"@id\":\"https:\/\/herbgarden.azdigi.shop\/index.php\/blog\/#breadcrumb\",\"itemListElement\":[{\"@type\":\"ListItem\",\"position\":1,\"name\":\"Trang ch\u1ee7\",\"item\":\"https:\/\/herbgarden.azdigi.shop\/\"},{\"@type\":\"ListItem\",\"position\":2,\"name\":\"Blog\"}]},{\"@type\":\"WebSite\",\"@id\":\"https:\/\/herbgarden.azdigi.shop\/#website\",\"url\":\"https:\/\/herbgarden.azdigi.shop\/\",\"name\":\"HerbGarden\",\"description\":\"\",\"publisher\":{\"@id\":\"https:\/\/herbgarden.azdigi.shop\/#organization\"},\"potentialAction\":[{\"@type\":\"SearchAction\",\"target\":{\"@type\":\"EntryPoint\",\"urlTemplate\":\"https:\/\/herbgarden.azdigi.shop\/?s={search_term_string}\"},\"query-input\":{\"@type\":\"PropertyValueSpecification\",\"valueRequired\":true,\"valueName\":\"search_term_string\"}}],\"inLanguage\":\"vi\"},{\"@type\":\"Organization\",\"@id\":\"https:\/\/herbgarden.azdigi.shop\/#organization\",\"name\":\"HerbGarden\",\"url\":\"https:\/\/herbgarden.azdigi.shop\/\",\"logo\":{\"@type\":\"ImageObject\",\"inLanguage\":\"vi\",\"@id\":\"https:\/\/herbgarden.azdigi.shop\/#\/schema\/logo\/image\/\",\"url\":\"https:\/\/herbgarden.azdigi.shop\/wp-content\/uploads\/2026\/02\/z7501921769884_df2bce45bfd3c2999baaeb5438424b6d.jpg\",\"contentUrl\":\"https:\/\/herbgarden.azdigi.shop\/wp-content\/uploads\/2026\/02\/z7501921769884_df2bce45bfd3c2999baaeb5438424b6d.jpg\",\"width\":1024,\"height\":1024,\"caption\":\"HerbGarden\"},\"image\":{\"@id\":\"https:\/\/herbgarden.azdigi.shop\/#\/schema\/logo\/image\/\"},\"sameAs\":[\"https:\/\/www.facebook.com\/share\/1HQRtY19gd\/?mibextid=wwXIfr\"]}]}<\/script>\n<!-- \/ Yoast SEO plugin. -->","yoast_head_json":{"title":"Blog - HerbGarden","robots":{"index":"index","follow":"follow","max-snippet":"max-snippet:-1","max-image-preview":"max-image-preview:large","max-video-preview":"max-video-preview:-1"},"canonical":"https:\/\/herbgarden.azdigi.shop\/index.php\/blog\/","og_locale":"vi_VN","og_type":"article","og_title":"Blog - HerbGarden","og_url":"https:\/\/herbgarden.azdigi.shop\/index.php\/blog\/","og_site_name":"HerbGarden","article_publisher":"https:\/\/www.facebook.com\/share\/1HQRtY19gd\/?mibextid=wwXIfr","article_modified_time":"2026-03-03T13:50:24+00:00","twitter_card":"summary_large_image","schema":{"@context":"https:\/\/schema.org","@graph":[{"@type":"WebPage","@id":"https:\/\/herbgarden.azdigi.shop\/index.php\/blog\/","url":"https:\/\/herbgarden.azdigi.shop\/index.php\/blog\/","name":"Blog - HerbGarden","isPartOf":{"@id":"https:\/\/herbgarden.azdigi.shop\/#website"},"datePublished":"2026-02-28T04:52:48+00:00","dateModified":"2026-03-03T13:50:24+00:00","breadcrumb":{"@id":"https:\/\/herbgarden.azdigi.shop\/index.php\/blog\/#breadcrumb"},"inLanguage":"vi","potentialAction":[{"@type":"ReadAction","target":["https:\/\/herbgarden.azdigi.shop\/index.php\/blog\/"]}]},{"@type":"BreadcrumbList","@id":"https:\/\/herbgarden.azdigi.shop\/index.php\/blog\/#breadcrumb","itemListElement":[{"@type":"ListItem","position":1,"name":"Trang ch\u1ee7","item":"https:\/\/herbgarden.azdigi.shop\/"},{"@type":"ListItem","position":2,"name":"Blog"}]},{"@type":"WebSite","@id":"https:\/\/herbgarden.azdigi.shop\/#website","url":"https:\/\/herbgarden.azdigi.shop\/","name":"HerbGarden","description":"","publisher":{"@id":"https:\/\/herbgarden.azdigi.shop\/#organization"},"potentialAction":[{"@type":"SearchAction","target":{"@type":"EntryPoint","urlTemplate":"https:\/\/herbgarden.azdigi.shop\/?s={search_term_string}"},"query-input":{"@type":"PropertyValueSpecification","valueRequired":true,"valueName":"search_term_string"}}],"inLanguage":"vi"},{"@type":"Organization","@id":"https:\/\/herbgarden.azdigi.shop\/#organization","name":"HerbGarden","url":"https:\/\/herbgarden.azdigi.shop\/","logo":{"@type":"ImageObject","inLanguage":"vi","@id":"https:\/\/herbgarden.azdigi.shop\/#\/schema\/logo\/image\/","url":"https:\/\/herbgarden.azdigi.shop\/wp-content\/uploads\/2026\/02\/z7501921769884_df2bce45bfd3c2999baaeb5438424b6d.jpg","contentUrl":"https:\/\/herbgarden.azdigi.shop\/wp-content\/uploads\/2026\/02\/z7501921769884_df2bce45bfd3c2999baaeb5438424b6d.jpg","width":1024,"height":1024,"caption":"HerbGarden"},"image":{"@id":"https:\/\/herbgarden.azdigi.shop\/#\/schema\/logo\/image\/"},"sameAs":["https:\/\/www.facebook.com\/share\/1HQRtY19gd\/?mibextid=wwXIfr"]}]}},"_links":{"self":[{"href":"https:\/\/herbgarden.azdigi.shop\/index.php\/wp-json\/wp\/v2\/pages\/207","targetHints":{"allow":["GET"]}}],"collection":[{"href":"https:\/\/herbgarden.azdigi.shop\/index.php\/wp-json\/wp\/v2\/pages"}],"about":[{"href":"https:\/\/herbgarden.azdigi.shop\/index.php\/wp-json\/wp\/v2\/types\/page"}],"author":[{"embeddable":true,"href":"https:\/\/herbgarden.azdigi.shop\/index.php\/wp-json\/wp\/v2\/users\/1"}],"replies":[{"embeddable":true,"href":"https:\/\/herbgarden.azdigi.shop\/index.php\/wp-json\/wp\/v2\/comments?post=207"}],"version-history":[{"count":2,"href":"https:\/\/herbgarden.azdigi.shop\/index.php\/wp-json\/wp\/v2\/pages\/207\/revisions"}],"predecessor-version":[{"id":234,"href":"https:\/\/herbgarden.azdigi.shop\/index.php\/wp-json\/wp\/v2\/pages\/207\/revisions\/234"}],"wp:attachment":[{"href":"https:\/\/herbgarden.azdigi.shop\/index.php\/wp-json\/wp\/v2\/media?parent=207"}],"curies":[{"name":"wp","href":"https:\/\/api.w.org\/{rel}","templated":true}]}}